{"id":28120,"date":"2021-02-08T13:59:12","date_gmt":"2021-02-08T12:59:12","guid":{"rendered":"https:\/\/www.365farmnet.com\/?page_id=28120"},"modified":"2025-07-23T11:29:19","modified_gmt":"2025-07-23T10:29:19","slug":"kalkulator-cen","status":"publish","type":"page","link":"https:\/\/www.365farmnet.com\/pl\/kalkulator-cen\/","title":{"rendered":"Kal\u00adku\u00adla\u00adtor&nbsp;cen"},"content":{"rendered":"<p><\/p><div class=\"fusion-bg-parallax\" data-bg-align=\"center center\" data-direction=\"up\" data-mute=\"false\" data-opacity=\"100\" data-velocity=\"-0.3\" data-mobile-enabled=\"false\" data-break_parents=\"0\" data-bg-image=\"https:\/\/www.365farmnet.com\/wp-content\/uploads\/2021\/04\/header-preiskalkulator.jpg\" data-bg-repeat=\"false\" data-bg-color=\"rgba(73,73,73,0.79)\" data-blend-mode=\"soft-light\"><\/div><div class=\"fusion-fullwidth fullwidth-box fusion-builder-row-1 fusion-parallax-up hundred-percent-fullwidth non-hundred-percent-height-scrolling lazyload\" style=\"background-color: rgba(73,73,73,0.79);background-position: center center;background-repeat: no-repeat;background-blend-mode: soft-light;padding-top:15vh;padding-right:12.5%;padding-bottom:10vh;padding-left:12.5%;margin-bottom: 0px;margin-top: 0px;border-width: 0px 0px 0px 0px;border-color:#d0d0d0;border-style:solid;-webkit-background-size:cover;-moz-background-size:cover;-o-background-size:cover;background-size:cover;\" data-bg=\"https:\/\/www.365farmnet.com\/wp-content\/uploads\/2021\/04\/header-preiskalkulator.jpg\"><div class=\"fusion-builder-row fusion-row\"><div class=\"fusion-layout-column fusion_builder_column fusion-builder-column-0 fusion_builder_column_3_4 3_4 fusion-three-fourth fusion-column-first break-column accent-border flex-space-between fusion-column-no-min-height fusion-animated\" style=\"width:75%;width:calc(75% - ( ( 4% ) * 0.75 ) );margin-right: 4%;margin-top:25px;margin-bottom:25px;\" data-animationtype=\"fadeInDown\" data-animationduration=\"0.8\" data-animationoffset=\"top-into-view\"><div class=\"fusion-column-wrapper fusion-flex-column-wrapper-legacy\" style=\"background-position:left top;background-repeat:no-repeat;-webkit-background-size:cover;-moz-background-size:cover;-o-background-size:cover;background-size:cover;padding: 0px 0px 0px 0px;\"><div class=\"fusion-text fusion-text-1\"><p class=\"font-size-mobile\" style=\"color: white; font-size: 4em; line-height: 1;\"><strong>Wa\u017c\u00adna infor\u00adma\u00adcja doty\u00adcz\u0105\u00adca nasze\u00adgo kal\u00adku\u00adla\u00adto\u00adra&nbsp;cen.<\/strong><\/p>\n<\/div><div class=\"fusion-clearfix\"><\/div><\/div><\/div><div class=\"fusion-layout-column fusion_builder_column fusion-builder-column-1 fusion_builder_column_1_4 1_4 fusion-one-fourth fusion-column-last\" style=\"width:25%;width:calc(25% - ( ( 4% ) * 0.25 ) );margin-top:25px;margin-bottom:25px;\"><div class=\"fusion-column-wrapper fusion-flex-column-wrapper-legacy\" style=\"background-position:left top;background-repeat:no-repeat;-webkit-background-size:cover;-moz-background-size:cover;-o-background-size:cover;background-size:cover;padding: 0px 0px 0px 0px;\"><div class=\"fusion-clearfix\"><\/div><\/div><\/div><div class=\"fusion-layout-column fusion_builder_column fusion-builder-column-2 fusion_builder_column_1_4 1_4 fusion-one-fourth fusion-column-first\" style=\"width:25%;width:calc(25% - ( ( 4% ) * 0.25 ) );margin-right: 4%;margin-top:25px;margin-bottom:25px;\"><div class=\"fusion-column-wrapper fusion-flex-column-wrapper-legacy\" style=\"background-position:left top;background-repeat:no-repeat;-webkit-background-size:cover;-moz-background-size:cover;-o-background-size:cover;background-size:cover;padding: 0px 0px 0px 0px;\"><div class=\"fusion-clearfix\"><\/div><\/div><\/div><\/div><\/div><div class=\"fusion-fullwidth fullwidth-box fusion-builder-row-2 hundred-percent-fullwidth non-hundred-percent-height-scrolling fusion-equal-height-columns\" style=\"background-color: rgba(255,255,255,0);background-position: center center;background-repeat: no-repeat;padding-top:30px;padding-right:12.5%;padding-bottom:30px;padding-left:12.5%;margin-bottom: 0px;margin-top: 0px;border-width: 0px 0px 0px 0px;border-color:#d0d0d0;border-style:solid;\"><div class=\"fusion-builder-row fusion-row\"><div class=\"fusion-layout-column fusion_builder_column fusion-builder-column-3 fusion_builder_column_1_1 1_1 fusion-one-full fusion-column-first fusion-column-last fusion-column-no-min-height fusion-animated\" style=\"margin-top:25px;margin-bottom:25px;\" data-animationtype=\"fadeInDown\" data-animationduration=\"0.8\" data-animationoffset=\"top-into-view\"><div class=\"fusion-column-wrapper fusion-flex-column-wrapper-legacy\" style=\"background-position:left top;background-repeat:no-repeat;-webkit-background-size:cover;-moz-background-size:cover;-o-background-size:cover;background-size:cover;padding: 0px 0px 0px 0px;\"><div class=\"fusion-column-content-centered\"><div class=\"fusion-column-content\"><div class=\"fusion-text fusion-text-2\"><h3 style=\"text-align: center;\">Dro\u00adga U\u017cyt\u00adkow\u00adnicz\u00adko, dro\u00adgi U\u017cyt\u00adkow\u00adni\u00adku 365FarmNet,<\/h3>\n<\/div><div class=\"fusion-text fusion-text-3\"><p style=\"text-align: center;\">Infor\u00admu\u00adje\u00admy, \u017ce kal\u00adku\u00adla\u00adtor cen nie jest ju\u017c dost\u0119pny.<br>\nOczy\u00adwi\u00ad\u015bcie nadal mog\u0105 Pa\u0144\u00adstwo rezer\u00adwo\u00adwa\u0107 modu\u0142y.<br>\nW razie pyta\u0144 lub potrze\u00adby pomo\u00adcy, pro\u00adsi\u00admy o kon\u00adtakt z regio\u00adnal\u00adnym przedstawicielem.<\/p>\n<p style=\"text-align: center;\">Dzi\u0119\u00adku\u00adje\u00admy za zrozumienie!<br>\nZesp\u00f3\u0142 365FarmNet<\/p>\n<\/div><div class=\"fusion-sep-clear\"><\/div><div class=\"fusion-separator fusion-full-width-sep\" style=\"margin-left: auto;margin-right: auto;margin-top:20px;margin-bottom:20px;width:100%;\"><\/div><div class=\"fusion-sep-clear\"><\/div><\/div><\/div><div class=\"fusion-clearfix\"><\/div><\/div><\/div><\/div><\/div>\n","protected":false},"excerpt":{"rendered":"","protected":false},"author":2,"featured_media":0,"parent":0,"menu_order":0,"comment_status":"closed","ping_status":"closed","template":"100-width.php","meta":{"wp_typography_post_enhancements_disabled":false},"yoast_head":"<!-- This site is optimized with the Yoast SEO plugin v19.9 - https:\/\/yoast.com\/wordpress\/plugins\/seo\/ -->\n<title>Indywidualna wycena za pomoc\u0105 kalkulatora cen 365FarmNet<\/title>\n<meta name=\"description\" content=\"Zachowaj elastyczno\u015b\u0107 przy niskich kosztach dzi\u0119ki modu\u0142om 365FarmNet do produkcji ro\u015blinnej i zarz\u0105dzania gospodarstwem.\" \/>\n<meta name=\"robots\" content=\"index, follow, max-snippet:-1, max-image-preview:large, max-video-preview:-1\" \/>\n<link rel=\"canonical\" href=\"https:\/\/www.365farmnet.com\/pl\/kalkulator-cen\/\" \/>\n<meta property=\"og:locale\" content=\"pl_PL\" \/>\n<meta property=\"og:type\" content=\"article\" \/>\n<meta property=\"og:title\" content=\"Indywidualna wycena za pomoc\u0105 kalkulatora cen 365FarmNet\" \/>\n<meta property=\"og:description\" content=\"Zachowaj elastyczno\u015b\u0107 przy niskich kosztach dzi\u0119ki modu\u0142om 365FarmNet do produkcji ro\u015blinnej i zarz\u0105dzania gospodarstwem.\" \/>\n<meta property=\"og:url\" content=\"https:\/\/www.365farmnet.com\/pl\/kalkulator-cen\/\" \/>\n<meta property=\"og:site_name\" content=\"365FarmNet\" \/>\n<meta property=\"article:publisher\" content=\"https:\/\/www.facebook.com\/365farmnet\/\" \/>\n<meta property=\"article:modified_time\" content=\"2025-07-23T10:29:19+00:00\" \/>\n<meta property=\"og:image\" content=\"https:\/\/www.365farmnet.com\/wp-content\/uploads\/2021\/06\/02_MZ_365FN_color-1.png\" \/>\n\t<meta property=\"og:image:width\" content=\"1181\" \/>\n\t<meta property=\"og:image:height\" content=\"809\" \/>\n\t<meta property=\"og:image:type\" content=\"image\/png\" \/>\n<meta name=\"twitter:card\" content=\"summary_large_image\" \/>\n<meta name=\"twitter:site\" content=\"@365farmnet\" \/>\n<meta name=\"twitter:label1\" content=\"Szacowany czas czytania\" \/>\n\t<meta name=\"twitter:data1\" content=\"20 minut\" \/>\n<script type=\"application\/ld+json\" class=\"yoast-schema-graph\">{\"@context\":\"https:\/\/schema.org\",\"@graph\":[{\"@type\":\"WebPage\",\"@id\":\"https:\/\/www.365farmnet.com\/pl\/kalkulator-cen\/\",\"url\":\"https:\/\/www.365farmnet.com\/pl\/kalkulator-cen\/\",\"name\":\"Indywidualna wycena za pomoc\u0105 kalkulatora cen 365FarmNet\",\"isPartOf\":{\"@id\":\"https:\/\/www.365farmnet.com\/pl\/#website\"},\"datePublished\":\"2021-02-08T12:59:12+00:00\",\"dateModified\":\"2025-07-23T10:29:19+00:00\",\"description\":\"Zachowaj elastyczno\u015b\u0107 przy niskich kosztach dzi\u0119ki modu\u0142om 365FarmNet do produkcji ro\u015blinnej i zarz\u0105dzania gospodarstwem.\",\"breadcrumb\":{\"@id\":\"https:\/\/www.365farmnet.com\/pl\/kalkulator-cen\/#breadcrumb\"},\"inLanguage\":\"pl-PL\",\"potentialAction\":[{\"@type\":\"ReadAction\",\"target\":[\"https:\/\/www.365farmnet.com\/pl\/kalkulator-cen\/\"]}]},{\"@type\":\"BreadcrumbList\",\"@id\":\"https:\/\/www.365farmnet.com\/pl\/kalkulator-cen\/#breadcrumb\",\"itemListElement\":[{\"@type\":\"ListItem\",\"position\":1,\"name\":\"Startseite\",\"item\":\"https:\/\/www.365farmnet.com\/pl\/\"},{\"@type\":\"ListItem\",\"position\":2,\"name\":\"Kalkulator cen\"}]},{\"@type\":\"WebSite\",\"@id\":\"https:\/\/www.365farmnet.com\/pl\/#website\",\"url\":\"https:\/\/www.365farmnet.com\/pl\/\",\"name\":\"365FarmNet\",\"description\":\"Landwirtschaft \u2013 weiter denken!\",\"publisher\":{\"@id\":\"https:\/\/www.365farmnet.com\/pl\/#organization\"},\"potentialAction\":[{\"@type\":\"SearchAction\",\"target\":{\"@type\":\"EntryPoint\",\"urlTemplate\":\"https:\/\/www.365farmnet.com\/pl\/?s={search_term_string}\"},\"query-input\":\"required name=search_term_string\"}],\"inLanguage\":\"pl-PL\"},{\"@type\":\"Organization\",\"@id\":\"https:\/\/www.365farmnet.com\/pl\/#organization\",\"name\":\"365FarmNet GmbH\",\"url\":\"https:\/\/www.365farmnet.com\/pl\/\",\"logo\":{\"@type\":\"ImageObject\",\"inLanguage\":\"pl-PL\",\"@id\":\"https:\/\/www.365farmnet.com\/pl\/#\/schema\/logo\/image\/\",\"url\":\"\",\"contentUrl\":\"\",\"caption\":\"365FarmNet GmbH\"},\"image\":{\"@id\":\"https:\/\/www.365farmnet.com\/pl\/#\/schema\/logo\/image\/\"},\"sameAs\":[\"https:\/\/www.instagram.com\/365farmnet\/\",\"https:\/\/www.linkedin.com\/company\/365farmnet\/about\/\",\"https:\/\/www.youtube.com\/user\/365FarmNet\",\"https:\/\/www.facebook.com\/365farmnet\/\",\"https:\/\/twitter.com\/365farmnet\"]}]}<\/script>\n<!-- \/ Yoast SEO plugin. -->","yoast_head_json":{"title":"Indywidualna wycena za pomoc\u0105 kalkulatora cen 365FarmNet","description":"Zachowaj elastyczno\u015b\u0107 przy niskich kosztach dzi\u0119ki modu\u0142om 365FarmNet do produkcji ro\u015blinnej i zarz\u0105dzania gospodarstwem.","robots":{"index":"index","follow":"follow","max-snippet":"max-snippet:-1","max-image-preview":"max-image-preview:large","max-video-preview":"max-video-preview:-1"},"canonical":"https:\/\/www.365farmnet.com\/pl\/kalkulator-cen\/","og_locale":"pl_PL","og_type":"article","og_title":"Indywidualna wycena za pomoc\u0105 kalkulatora cen 365FarmNet","og_description":"Zachowaj elastyczno\u015b\u0107 przy niskich kosztach dzi\u0119ki modu\u0142om 365FarmNet do produkcji ro\u015blinnej i zarz\u0105dzania gospodarstwem.","og_url":"https:\/\/www.365farmnet.com\/pl\/kalkulator-cen\/","og_site_name":"365FarmNet","article_publisher":"https:\/\/www.facebook.com\/365farmnet\/","article_modified_time":"2025-07-23T10:29:19+00:00","og_image":[{"width":1181,"height":809,"url":"https:\/\/www.365farmnet.com\/wp-content\/uploads\/2021\/06\/02_MZ_365FN_color-1.png","type":"image\/png"}],"twitter_card":"summary_large_image","twitter_site":"@365farmnet","twitter_misc":{"Szacowany czas czytania":"20 minut"},"schema":{"@context":"https:\/\/schema.org","@graph":[{"@type":"WebPage","@id":"https:\/\/www.365farmnet.com\/pl\/kalkulator-cen\/","url":"https:\/\/www.365farmnet.com\/pl\/kalkulator-cen\/","name":"Indywidualna wycena za pomoc\u0105 kalkulatora cen 365FarmNet","isPartOf":{"@id":"https:\/\/www.365farmnet.com\/pl\/#website"},"datePublished":"2021-02-08T12:59:12+00:00","dateModified":"2025-07-23T10:29:19+00:00","description":"Zachowaj elastyczno\u015b\u0107 przy niskich kosztach dzi\u0119ki modu\u0142om 365FarmNet do produkcji ro\u015blinnej i zarz\u0105dzania gospodarstwem.","breadcrumb":{"@id":"https:\/\/www.365farmnet.com\/pl\/kalkulator-cen\/#breadcrumb"},"inLanguage":"pl-PL","potentialAction":[{"@type":"ReadAction","target":["https:\/\/www.365farmnet.com\/pl\/kalkulator-cen\/"]}]},{"@type":"BreadcrumbList","@id":"https:\/\/www.365farmnet.com\/pl\/kalkulator-cen\/#breadcrumb","itemListElement":[{"@type":"ListItem","position":1,"name":"Startseite","item":"https:\/\/www.365farmnet.com\/pl\/"},{"@type":"ListItem","position":2,"name":"Kalkulator cen"}]},{"@type":"WebSite","@id":"https:\/\/www.365farmnet.com\/pl\/#website","url":"https:\/\/www.365farmnet.com\/pl\/","name":"365FarmNet","description":"Landwirtschaft \u2013 weiter denken!","publisher":{"@id":"https:\/\/www.365farmnet.com\/pl\/#organization"},"potentialAction":[{"@type":"SearchAction","target":{"@type":"EntryPoint","urlTemplate":"https:\/\/www.365farmnet.com\/pl\/?s={search_term_string}"},"query-input":"required name=search_term_string"}],"inLanguage":"pl-PL"},{"@type":"Organization","@id":"https:\/\/www.365farmnet.com\/pl\/#organization","name":"365FarmNet GmbH","url":"https:\/\/www.365farmnet.com\/pl\/","logo":{"@type":"ImageObject","inLanguage":"pl-PL","@id":"https:\/\/www.365farmnet.com\/pl\/#\/schema\/logo\/image\/","url":"","contentUrl":"","caption":"365FarmNet GmbH"},"image":{"@id":"https:\/\/www.365farmnet.com\/pl\/#\/schema\/logo\/image\/"},"sameAs":["https:\/\/www.instagram.com\/365farmnet\/","https:\/\/www.linkedin.com\/company\/365farmnet\/about\/","https:\/\/www.youtube.com\/user\/365FarmNet","https:\/\/www.facebook.com\/365farmnet\/","https:\/\/twitter.com\/365farmnet"]}]}},"_links":{"self":[{"href":"https:\/\/www.365farmnet.com\/pl\/wp-json\/wp\/v2\/pages\/28120"}],"collection":[{"href":"https:\/\/www.365farmnet.com\/pl\/wp-json\/wp\/v2\/pages"}],"about":[{"href":"https:\/\/www.365farmnet.com\/pl\/wp-json\/wp\/v2\/types\/page"}],"author":[{"embeddable":true,"href":"https:\/\/www.365farmnet.com\/pl\/wp-json\/wp\/v2\/users\/2"}],"replies":[{"embeddable":true,"href":"https:\/\/www.365farmnet.com\/pl\/wp-json\/wp\/v2\/comments?post=28120"}],"version-history":[{"count":12,"href":"https:\/\/www.365farmnet.com\/pl\/wp-json\/wp\/v2\/pages\/28120\/revisions"}],"predecessor-version":[{"id":219067,"href":"https:\/\/www.365farmnet.com\/pl\/wp-json\/wp\/v2\/pages\/28120\/revisions\/219067"}],"wp:attachment":[{"href":"https:\/\/www.365farmnet.com\/pl\/wp-json\/wp\/v2\/media?parent=28120"}],"curies":[{"name":"wp","href":"https:\/\/api.w.org\/{rel}","templated":true}]}}