{"id":18505,"date":"2020-08-04T14:24:13","date_gmt":"2020-08-04T13:24:13","guid":{"rendered":"https:\/\/www.365farmnet.com\/notatka-prawna-2\/"},"modified":"2024-05-07T18:28:05","modified_gmt":"2024-05-07T17:28:05","slug":"notatka-prawna","status":"publish","type":"page","link":"https:\/\/www.365farmnet.com\/pl\/notatka-prawna\/","title":{"rendered":"Notat\u00adka Prawna"},"content":{"rendered":"<p><\/p><div class=\"fusion-bg-parallax\" data-bg-align=\"right center\" data-direction=\"down\" data-mute=\"false\" data-opacity=\"100\" data-velocity=\"-0.2\" data-mobile-enabled=\"true\" data-break_parents=\"0\" data-bg-image=\"https:\/\/www.365farmnet.com\/wp-content\/uploads\/2021\/05\/floating_sheets.png\" data-bg-repeat=\"false\" data-bg-color=\"#e7ad00\"><\/div><div class=\"fusion-fullwidth fullwidth-box fusion-builder-row-1 fusion-parallax-down hundred-percent-fullwidth non-hundred-percent-height-scrolling lazyload\" style=\"background-color: #e7ad00;background-position: right center;background-repeat: no-repeat;padding-top:10vh;padding-right:12.5%;padding-bottom:10vh;padding-left:12.5%;margin-bottom: 0px;margin-top: 0px;border-width: 0px 0px 0px 0px;border-color:#d0d0d0;border-style:solid;-webkit-background-size:cover;-moz-background-size:cover;-o-background-size:cover;background-size:cover;\" data-bg=\"https:\/\/www.365farmnet.com\/wp-content\/uploads\/2021\/05\/floating_sheets.png\"><div class=\"fusion-builder-row fusion-row\"><div class=\"fusion-layout-column fusion_builder_column fusion-builder-column-0 fusion_builder_column_3_4 3_4 fusion-three-fourth fusion-column-first fusion-animated\" style=\"width:75%;width:calc(75% - ( ( 4% ) * 0.75 ) );margin-right: 4%;margin-top:25px;margin-bottom:0px;\" data-animationtype=\"fadeInLeft\" data-animationduration=\"0.8\" data-animationoffset=\"top-into-view\"><div class=\"fusion-column-wrapper fusion-flex-column-wrapper-legacy\" style=\"background-position:left top;background-repeat:no-repeat;-webkit-background-size:cover;-moz-background-size:cover;-o-background-size:cover;background-size:cover;padding: 0px 0px 0px 0px;\"><div class=\"fusion-text fusion-text-1\"><h1 style=\"color: white; font-size: 4em; line-height: 1;\"><strong>Nota praw\u00adna.<\/strong><\/h1>\n<\/div><div class=\"fusion-sep-clear\"><\/div><div class=\"fusion-separator fusion-full-width-sep\" style=\"margin-left: auto;margin-right: auto;margin-top:10px;margin-bottom:20px;width:100%;\"><\/div><div class=\"fusion-sep-clear\"><\/div><div class=\"fusion-clearfix\"><\/div><\/div><\/div><div class=\"fusion-layout-column fusion_builder_column fusion-builder-column-1 fusion_builder_column_1_4 1_4 fusion-one-fourth fusion-column-last fusion-no-small-visibility fusion-no-medium-visibility\" style=\"width:25%;width:calc(25% - ( ( 4% ) * 0.25 ) );margin-top:25px;margin-bottom:25px;\"><div class=\"fusion-column-wrapper fusion-flex-column-wrapper-legacy\" style=\"background-position:left top;background-repeat:no-repeat;-webkit-background-size:cover;-moz-background-size:cover;-o-background-size:cover;background-size:cover;padding: 0px 0px 0px 0px;\"><div class=\"fusion-clearfix\"><\/div><\/div><\/div><\/div><\/div><div class=\"fusion-fullwidth fullwidth-box fusion-builder-row-2 hundred-percent-fullwidth non-hundred-percent-height-scrolling\" style=\"background-color: rgba(255,255,255,0);background-position: center center;background-repeat: no-repeat;padding-top:30px;padding-right:12.5%;padding-bottom:30px;padding-left:12.5%;margin-bottom: 0px;margin-top: 0px;border-width: 0px 0px 0px 0px;border-color:#d0d0d0;border-style:solid;\"><div class=\"fusion-builder-row fusion-row\"><div class=\"fusion-layout-column fusion_builder_column fusion-builder-column-2 fusion_builder_column_1_1 1_1 fusion-one-full fusion-column-first fusion-column-last fusion-column-no-min-height fusion-animated\" style=\"margin-top:25px;margin-bottom:25px;\" data-animationtype=\"fadeInLeft\" data-animationduration=\"0.8\" data-animationoffset=\"top-into-view\"><div class=\"fusion-column-wrapper fusion-flex-column-wrapper-legacy\" style=\"background-position:left top;background-repeat:no-repeat;-webkit-background-size:cover;-moz-background-size:cover;-o-background-size:cover;background-size:cover;padding: 0px 0px 0px 0px;\"><div class=\"fusion-column-content-centered\"><div class=\"fusion-column-content\"><div class=\"fusion-text fusion-text-2\"><p><strong>365FarmNet GmbH<\/strong><br>\nHau\u00adsvog\u00adte\u00adiplatz 10<br>\n10117 Berlin<br>\nNiemcy<br>\nTel.:&nbsp;<a href=\"tel:080036536536\">00800 365 365 36<\/a> (bez\u00adp\u0142at\u00adnie z tele\u00adfo\u00adn\u00f3w sta\u00adcjo\u00adnar\u00adnych, w nie\u00adkt\u00f3\u00adrych sie\u00adciach kom\u00f3r\u00adko\u00adwych mog\u0105 by\u0107 nali\u00adcza\u00adne op\u0142a\u00adty wed\u0142ug indy\u00adwi\u00addu\u00adal\u00adnych taryf operator\u00f3w)<br>\n<a href=\"mailto:info@365farmnet.com\" target=\"_blank\" rel=\"noopener noreferrer\">info@365farmnet.com<\/a><\/p>\n<p class=\"bodytext\"><b>Rejestr&nbsp;han\u00addlo\u00adwy:<\/b><br>\nAmts\u00adge\u00adricht Char\u00adlot\u00adten\u00adburg HRB 192189 B<\/p>\n<p class=\"bodytext\"><b>Numer&nbsp;iden\u00adty\u00adfi\u00adka\u00adcyj\u00adny&nbsp;VAT:<\/b><br>\nDE295269761<\/p>\n<p class=\"bodytext\"><b>Pro\u00adwa\u00addze\u00adnie&nbsp;spraw:<\/b><br>\nDr. Nils-Hol\u00adger Schmidt<\/p>\n<p>Wy\u0142\u0105\u00adcze\u00adnie odpo\u00adwie\u00addzial\u00adno\u00ad\u015bci Wszel\u00adkie pra\u00adwa zastrze\u00ad\u017co\u00adne. U\u017cyt\u00adkow\u00adni\u00adcy niniej\u00adsze\u00adgo ser\u00adwi\u00adsu infor\u00adma\u00adcyj\u00adne\u00adgo nie mog\u0105 wyko\u00adrzy\u00adsty\u00adwa\u0107 logo, logo\u00adty\u00adp\u00f3w lub obra\u00adz\u00f3w do cel\u00f3w w\u0142a\u00adsnych, nie\u00adza\u00adle\u017c\u00adnie od ich cha\u00adrak\u00adte\u00adru, a wszyst\u00adkie loga, logo\u00adty\u00adpy i obra\u00adzy pozo\u00adsta\u00adj\u0105 w pe\u0142\u00adni przed\u00admio\u00adtem pra\u00adwa autor\u00adskie\u00adgo i zna\u00adk\u00f3w towa\u00adro\u00adwych posiadacza\/\u017ar\u00f3de\u0142. Zna\u00adki towa\u00adro\u00adwe: Wy\u017cej wymie\u00adnio\u00adne zna\u00adki towa\u00adro\u00adwe s\u0105 zna\u00adka\u00admi poszcze\u00adg\u00f3l\u00adnych pro\u00addu\u00adcen\u00adt\u00f3w i s\u0105 przez nich chro\u00adnio\u00adne przed nie\u00adupraw\u00adnio\u00adnym u\u017cyciem.<\/p>\n<p>Pobie\u00adra\u00adnie pli\u00adk\u00f3w odby\u00adwa si\u0119 na ryzy\u00adko w\u0142a\u00adsne u\u017cyt\u00adkow\u00adni\u00adka. Nie pono\u00adsi\u00admy odpo\u00adwie\u00addzial\u00adno\u00ad\u015bci za wszel\u00adkie szko\u00addy, kt\u00f3\u00adre mog\u0105 wyst\u0105\u00adpi\u0107 natych\u00admiast lub p\u00f3\u017a\u00adniej po pobra\u00adniu pli\u00adk\u00f3w, ani za wyko\u00adrzy\u00adsta\u00adnie tych danych.<\/p>\n<p>Nasze stro\u00adny posia\u00adda\u00adj\u0105 \u0142\u0105cza do innych stron w Inter\u00adne\u00adcie, do kt\u00f3\u00adrych sto\u00adsu\u00adje si\u0119 nast\u0119\u00adpu\u00adj\u0105\u00adce posta\u00adno\u00adwie\u00adnia: o\u015bwiad\u00adcza\u00admy,&nbsp;\u017ce<br>\nnie mie\u00adli\u00ad\u015bmy i nie mamy \u017cad\u00adne\u00adgo wp\u0142y\u00adwu na pro\u00adjekt i tre\u00ad\u015bci stron, do kt\u00f3\u00adrych ist\u00adnie\u00adj\u0105 \u0142\u0105cza na naszych stro\u00adnach. Z tego wzgl\u0119\u00addu wyra\u017a\u00adnie dystan\u00adsu\u00adje\u00admy si\u0119 od tre\u00ad\u015bci wszyst\u00adkich powi\u0105\u00adza\u00adnych stron, do kt\u00f3\u00adrych mo\u017c\u00adna dotrze\u0107 za po\u015bred\u00adnic\u00adtwem naszych stron inter\u00adne\u00adto\u00adwych. Tre\u00ad\u015bci tych stron nie s\u0105 naszy\u00admi tre\u00ad\u015bcia\u00admi. Doty\u00adczy to wszyst\u00adkich \u0142\u0105cz do innych stron wyst\u0119\u00adpu\u00adj\u0105\u00adcych na naszej witry\u00adnie i wszyst\u00adkich ich tre\u00ad\u015bci. Niniej\u00adszym wyklu\u00adcza si\u0119 wszel\u00adk\u0105 wzgl\u0119d\u00adn\u0105 odpowiedzialno\u015b\u0107.<\/p>\n<p>Zawar\u00adto\u015b\u0107 naszych stron zosta\u00ad\u0142a sta\u00adran\u00adnie dobra\u00adna. Jed\u00adnak nie pono\u00adsi\u00admy odpo\u00adwie\u00addzial\u00adno\u00ad\u015bci za b\u0142\u0119\u00addy, kt\u00f3\u00adre mog\u0105 wyst\u0105\u00adpi\u0107 na naszych stronach.<br>\nW poszcze\u00adg\u00f3l\u00adnych przy\u00adpad\u00adkach pro\u00adsi\u00admy o kon\u00adtakt. B\u0119dzie\u00admy wdzi\u0119cz\u00adni za powia\u00addo\u00admie\u00adnie nas o takich b\u0142\u0119\u00addach. Korzy\u00adsta\u00adj\u0105c z ofe\u00adro\u00adwa\u00adnych infor\u00adma\u00adcji, wi\u0105\u00ad\u017c\u0105\u00adco akcep\u00adtu\u00adjesz wy\u017cej wymie\u00adnio\u00adne warunki.<\/p>\n<\/div><\/div><\/div><div class=\"fusion-clearfix\"><\/div><\/div><\/div><\/div><\/div>\n","protected":false},"excerpt":{"rendered":"","protected":false},"author":8,"featured_media":0,"parent":0,"menu_order":0,"comment_status":"closed","ping_status":"closed","template":"100-width.php","meta":{"wp_typography_post_enhancements_disabled":false},"yoast_head":"<!-- This site is optimized with the Yoast SEO plugin v19.9 - https:\/\/yoast.com\/wordpress\/plugins\/seo\/ -->\n<title>Notatka Prawna - 365FarmNet<\/title>\n<meta name=\"description\" content=\"\u2713 Mo\u017cliwo\u015b\u0107 indywidualnego dostosowania - \u2713 Notatka Prawna Rozwi\u0105zania cyfrowe 365FarmNet - \u2713 Pe\u0142ny przegl\u0105d koszt\u00f3w - \u2713 Skupienie si\u0119 na konkretnych sprawach\" \/>\n<meta name=\"robots\" content=\"index, follow, max-snippet:-1, max-image-preview:large, max-video-preview:-1\" \/>\n<link rel=\"canonical\" href=\"https:\/\/www.365farmnet.com\/pl\/notatka-prawna\/\" \/>\n<meta property=\"og:locale\" content=\"pl_PL\" \/>\n<meta property=\"og:type\" content=\"article\" \/>\n<meta property=\"og:title\" content=\"Notatka Prawna - 365FarmNet\" \/>\n<meta property=\"og:description\" content=\"\u2713 Mo\u017cliwo\u015b\u0107 indywidualnego dostosowania - \u2713 Notatka Prawna Rozwi\u0105zania cyfrowe 365FarmNet - \u2713 Pe\u0142ny przegl\u0105d koszt\u00f3w - \u2713 Skupienie si\u0119 na konkretnych sprawach\" \/>\n<meta property=\"og:url\" content=\"https:\/\/www.365farmnet.com\/pl\/notatka-prawna\/\" \/>\n<meta property=\"og:site_name\" content=\"365FarmNet\" \/>\n<meta property=\"article:publisher\" content=\"https:\/\/www.facebook.com\/365farmnet\/\" \/>\n<meta property=\"article:modified_time\" content=\"2024-05-07T17:28:05+00:00\" \/>\n<meta property=\"og:image\" content=\"https:\/\/www.365farmnet.com\/wp-content\/uploads\/2021\/06\/02_MZ_365FN_color-1.png\" \/>\n\t<meta property=\"og:image:width\" content=\"1181\" \/>\n\t<meta property=\"og:image:height\" content=\"809\" \/>\n\t<meta property=\"og:image:type\" content=\"image\/png\" \/>\n<meta name=\"twitter:card\" content=\"summary_large_image\" \/>\n<meta name=\"twitter:site\" content=\"@365farmnet\" \/>\n<meta name=\"twitter:label1\" content=\"Szacowany czas czytania\" \/>\n\t<meta name=\"twitter:data1\" content=\"4 minuty\" \/>\n<script type=\"application\/ld+json\" class=\"yoast-schema-graph\">{\"@context\":\"https:\/\/schema.org\",\"@graph\":[{\"@type\":\"WebPage\",\"@id\":\"https:\/\/www.365farmnet.com\/pl\/notatka-prawna\/\",\"url\":\"https:\/\/www.365farmnet.com\/pl\/notatka-prawna\/\",\"name\":\"Notatka Prawna - 365FarmNet\",\"isPartOf\":{\"@id\":\"https:\/\/www.365farmnet.com\/pl\/#website\"},\"datePublished\":\"2020-08-04T13:24:13+00:00\",\"dateModified\":\"2024-05-07T17:28:05+00:00\",\"description\":\"\u2713 Mo\u017cliwo\u015b\u0107 indywidualnego dostosowania - \u2713 Notatka Prawna Rozwi\u0105zania cyfrowe 365FarmNet - \u2713 Pe\u0142ny przegl\u0105d koszt\u00f3w - \u2713 Skupienie si\u0119 na konkretnych sprawach\",\"breadcrumb\":{\"@id\":\"https:\/\/www.365farmnet.com\/pl\/notatka-prawna\/#breadcrumb\"},\"inLanguage\":\"pl-PL\",\"potentialAction\":[{\"@type\":\"ReadAction\",\"target\":[\"https:\/\/www.365farmnet.com\/pl\/notatka-prawna\/\"]}]},{\"@type\":\"BreadcrumbList\",\"@id\":\"https:\/\/www.365farmnet.com\/pl\/notatka-prawna\/#breadcrumb\",\"itemListElement\":[{\"@type\":\"ListItem\",\"position\":1,\"name\":\"Startseite\",\"item\":\"https:\/\/www.365farmnet.com\/pl\/\"},{\"@type\":\"ListItem\",\"position\":2,\"name\":\"Notat\u00adka Prawna\"}]},{\"@type\":\"WebSite\",\"@id\":\"https:\/\/www.365farmnet.com\/pl\/#website\",\"url\":\"https:\/\/www.365farmnet.com\/pl\/\",\"name\":\"365FarmNet\",\"description\":\"Landwirtschaft \u2013 weiter denken!\",\"publisher\":{\"@id\":\"https:\/\/www.365farmnet.com\/pl\/#organization\"},\"potentialAction\":[{\"@type\":\"SearchAction\",\"target\":{\"@type\":\"EntryPoint\",\"urlTemplate\":\"https:\/\/www.365farmnet.com\/pl\/?s={search_term_string}\"},\"query-input\":\"required name=search_term_string\"}],\"inLanguage\":\"pl-PL\"},{\"@type\":\"Organization\",\"@id\":\"https:\/\/www.365farmnet.com\/pl\/#organization\",\"name\":\"365FarmNet GmbH\",\"url\":\"https:\/\/www.365farmnet.com\/pl\/\",\"logo\":{\"@type\":\"ImageObject\",\"inLanguage\":\"pl-PL\",\"@id\":\"https:\/\/www.365farmnet.com\/pl\/#\/schema\/logo\/image\/\",\"url\":\"\",\"contentUrl\":\"\",\"caption\":\"365FarmNet GmbH\"},\"image\":{\"@id\":\"https:\/\/www.365farmnet.com\/pl\/#\/schema\/logo\/image\/\"},\"sameAs\":[\"https:\/\/www.instagram.com\/365farmnet\/\",\"https:\/\/www.linkedin.com\/company\/365farmnet\/about\/\",\"https:\/\/www.youtube.com\/user\/365FarmNet\",\"https:\/\/www.facebook.com\/365farmnet\/\",\"https:\/\/twitter.com\/365farmnet\"]}]}<\/script>\n<!-- \/ Yoast SEO plugin. -->","yoast_head_json":{"title":"Notatka Prawna - 365FarmNet","description":"\u2713 Mo\u017cliwo\u015b\u0107 indywidualnego dostosowania - \u2713 Notatka Prawna Rozwi\u0105zania cyfrowe 365FarmNet - \u2713 Pe\u0142ny przegl\u0105d koszt\u00f3w - \u2713 Skupienie si\u0119 na konkretnych sprawach","robots":{"index":"index","follow":"follow","max-snippet":"max-snippet:-1","max-image-preview":"max-image-preview:large","max-video-preview":"max-video-preview:-1"},"canonical":"https:\/\/www.365farmnet.com\/pl\/notatka-prawna\/","og_locale":"pl_PL","og_type":"article","og_title":"Notatka Prawna - 365FarmNet","og_description":"\u2713 Mo\u017cliwo\u015b\u0107 indywidualnego dostosowania - \u2713 Notatka Prawna Rozwi\u0105zania cyfrowe 365FarmNet - \u2713 Pe\u0142ny przegl\u0105d koszt\u00f3w - \u2713 Skupienie si\u0119 na konkretnych sprawach","og_url":"https:\/\/www.365farmnet.com\/pl\/notatka-prawna\/","og_site_name":"365FarmNet","article_publisher":"https:\/\/www.facebook.com\/365farmnet\/","article_modified_time":"2024-05-07T17:28:05+00:00","og_image":[{"width":1181,"height":809,"url":"https:\/\/www.365farmnet.com\/wp-content\/uploads\/2021\/06\/02_MZ_365FN_color-1.png","type":"image\/png"}],"twitter_card":"summary_large_image","twitter_site":"@365farmnet","twitter_misc":{"Szacowany czas czytania":"4 minuty"},"schema":{"@context":"https:\/\/schema.org","@graph":[{"@type":"WebPage","@id":"https:\/\/www.365farmnet.com\/pl\/notatka-prawna\/","url":"https:\/\/www.365farmnet.com\/pl\/notatka-prawna\/","name":"Notatka Prawna - 365FarmNet","isPartOf":{"@id":"https:\/\/www.365farmnet.com\/pl\/#website"},"datePublished":"2020-08-04T13:24:13+00:00","dateModified":"2024-05-07T17:28:05+00:00","description":"\u2713 Mo\u017cliwo\u015b\u0107 indywidualnego dostosowania - \u2713 Notatka Prawna Rozwi\u0105zania cyfrowe 365FarmNet - \u2713 Pe\u0142ny przegl\u0105d koszt\u00f3w - \u2713 Skupienie si\u0119 na konkretnych sprawach","breadcrumb":{"@id":"https:\/\/www.365farmnet.com\/pl\/notatka-prawna\/#breadcrumb"},"inLanguage":"pl-PL","potentialAction":[{"@type":"ReadAction","target":["https:\/\/www.365farmnet.com\/pl\/notatka-prawna\/"]}]},{"@type":"BreadcrumbList","@id":"https:\/\/www.365farmnet.com\/pl\/notatka-prawna\/#breadcrumb","itemListElement":[{"@type":"ListItem","position":1,"name":"Startseite","item":"https:\/\/www.365farmnet.com\/pl\/"},{"@type":"ListItem","position":2,"name":"Notat\u00adka Prawna"}]},{"@type":"WebSite","@id":"https:\/\/www.365farmnet.com\/pl\/#website","url":"https:\/\/www.365farmnet.com\/pl\/","name":"365FarmNet","description":"Landwirtschaft \u2013 weiter denken!","publisher":{"@id":"https:\/\/www.365farmnet.com\/pl\/#organization"},"potentialAction":[{"@type":"SearchAction","target":{"@type":"EntryPoint","urlTemplate":"https:\/\/www.365farmnet.com\/pl\/?s={search_term_string}"},"query-input":"required name=search_term_string"}],"inLanguage":"pl-PL"},{"@type":"Organization","@id":"https:\/\/www.365farmnet.com\/pl\/#organization","name":"365FarmNet GmbH","url":"https:\/\/www.365farmnet.com\/pl\/","logo":{"@type":"ImageObject","inLanguage":"pl-PL","@id":"https:\/\/www.365farmnet.com\/pl\/#\/schema\/logo\/image\/","url":"","contentUrl":"","caption":"365FarmNet GmbH"},"image":{"@id":"https:\/\/www.365farmnet.com\/pl\/#\/schema\/logo\/image\/"},"sameAs":["https:\/\/www.instagram.com\/365farmnet\/","https:\/\/www.linkedin.com\/company\/365farmnet\/about\/","https:\/\/www.youtube.com\/user\/365FarmNet","https:\/\/www.facebook.com\/365farmnet\/","https:\/\/twitter.com\/365farmnet"]}]}},"_links":{"self":[{"href":"https:\/\/www.365farmnet.com\/pl\/wp-json\/wp\/v2\/pages\/18505"}],"collection":[{"href":"https:\/\/www.365farmnet.com\/pl\/wp-json\/wp\/v2\/pages"}],"about":[{"href":"https:\/\/www.365farmnet.com\/pl\/wp-json\/wp\/v2\/types\/page"}],"author":[{"embeddable":true,"href":"https:\/\/www.365farmnet.com\/pl\/wp-json\/wp\/v2\/users\/8"}],"replies":[{"embeddable":true,"href":"https:\/\/www.365farmnet.com\/pl\/wp-json\/wp\/v2\/comments?post=18505"}],"version-history":[{"count":6,"href":"https:\/\/www.365farmnet.com\/pl\/wp-json\/wp\/v2\/pages\/18505\/revisions"}],"predecessor-version":[{"id":218767,"href":"https:\/\/www.365farmnet.com\/pl\/wp-json\/wp\/v2\/pages\/18505\/revisions\/218767"}],"wp:attachment":[{"href":"https:\/\/www.365farmnet.com\/pl\/wp-json\/wp\/v2\/media?parent=18505"}],"curies":[{"name":"wp","href":"https:\/\/api.w.org\/{rel}","templated":true}]}}