{"id":28111,"date":"2021-02-08T13:58:52","date_gmt":"2021-02-08T12:58:52","guid":{"rendered":"https:\/\/www.365farmnet.com\/?page_id=28111"},"modified":"2025-07-23T11:24:38","modified_gmt":"2025-07-23T10:24:38","slug":"calculateur-de-prix","status":"publish","type":"page","link":"https:\/\/www.365farmnet.com\/fr\/calculateur-de-prix\/","title":{"rendered":"Cal\u00adcu\u00adla\u00adteur de&nbsp;prix"},"content":{"rendered":"<p><\/p><div class=\"fusion-bg-parallax\" data-bg-align=\"center center\" data-direction=\"up\" data-mute=\"false\" data-opacity=\"100\" data-velocity=\"-0.3\" data-mobile-enabled=\"false\" data-break_parents=\"0\" data-bg-image=\"https:\/\/www.365farmnet.com\/wp-content\/uploads\/2021\/04\/header-preiskalkulator.jpg\" data-bg-repeat=\"false\" data-bg-color=\"rgba(73,73,73,0.79)\" data-blend-mode=\"soft-light\"><\/div><div class=\"fusion-fullwidth fullwidth-box fusion-builder-row-1 fusion-parallax-up hundred-percent-fullwidth non-hundred-percent-height-scrolling lazyload\" style=\"background-color: rgba(73,73,73,0.79);background-position: center center;background-repeat: no-repeat;background-blend-mode: soft-light;padding-top:15vh;padding-right:12.5%;padding-bottom:10vh;padding-left:12.5%;margin-bottom: 0px;margin-top: 0px;border-width: 0px 0px 0px 0px;border-color:#d0d0d0;border-style:solid;-webkit-background-size:cover;-moz-background-size:cover;-o-background-size:cover;background-size:cover;\" data-bg=\"https:\/\/www.365farmnet.com\/wp-content\/uploads\/2021\/04\/header-preiskalkulator.jpg\"><div class=\"fusion-builder-row fusion-row\"><div class=\"fusion-layout-column fusion_builder_column fusion-builder-column-0 fusion_builder_column_3_4 3_4 fusion-three-fourth fusion-column-first break-column accent-border flex-space-between fusion-column-no-min-height fusion-animated\" style=\"width:75%;width:calc(75% - ( ( 4% ) * 0.75 ) );margin-right: 4%;margin-top:25px;margin-bottom:25px;\" data-animationtype=\"fadeInDown\" data-animationduration=\"0.8\" data-animationoffset=\"top-into-view\"><div class=\"fusion-column-wrapper fusion-flex-column-wrapper-legacy\" style=\"background-position:left top;background-repeat:no-repeat;-webkit-background-size:cover;-moz-background-size:cover;-o-background-size:cover;background-size:cover;padding: 0px 0px 0px 0px;\"><div class=\"fusion-text fusion-text-1\"><p class=\"font-size-mobile\" style=\"color: white; font-size: 4em; line-height: 1;\"><strong>Infor\u00adma\u00adtions impor\u00adtantes concer\u00adnant notre cal\u00adcu\u00adla\u00adteur de&nbsp;prix.<\/strong><\/p>\n<\/div><div class=\"fusion-clearfix\"><\/div><\/div><\/div><div class=\"fusion-layout-column fusion_builder_column fusion-builder-column-1 fusion_builder_column_1_4 1_4 fusion-one-fourth fusion-column-last\" style=\"width:25%;width:calc(25% - ( ( 4% ) * 0.25 ) );margin-top:25px;margin-bottom:25px;\"><div class=\"fusion-column-wrapper fusion-flex-column-wrapper-legacy\" style=\"background-position:left top;background-repeat:no-repeat;-webkit-background-size:cover;-moz-background-size:cover;-o-background-size:cover;background-size:cover;padding: 0px 0px 0px 0px;\"><div class=\"fusion-clearfix\"><\/div><\/div><\/div><div class=\"fusion-layout-column fusion_builder_column fusion-builder-column-2 fusion_builder_column_1_4 1_4 fusion-one-fourth fusion-column-first\" style=\"width:25%;width:calc(25% - ( ( 4% ) * 0.25 ) );margin-right: 4%;margin-top:25px;margin-bottom:25px;\"><div class=\"fusion-column-wrapper fusion-flex-column-wrapper-legacy\" style=\"background-position:left top;background-repeat:no-repeat;-webkit-background-size:cover;-moz-background-size:cover;-o-background-size:cover;background-size:cover;padding: 0px 0px 0px 0px;\"><div class=\"fusion-clearfix\"><\/div><\/div><\/div><\/div><\/div><div class=\"fusion-fullwidth fullwidth-box fusion-builder-row-2 hundred-percent-fullwidth non-hundred-percent-height-scrolling fusion-equal-height-columns\" style=\"background-color: rgba(255,255,255,0);background-position: center center;background-repeat: no-repeat;padding-top:30px;padding-right:12.5%;padding-bottom:30px;padding-left:12.5%;margin-bottom: 0px;margin-top: 0px;border-width: 0px 0px 0px 0px;border-color:#d0d0d0;border-style:solid;\"><div class=\"fusion-builder-row fusion-row\"><div class=\"fusion-layout-column fusion_builder_column fusion-builder-column-3 fusion_builder_column_1_1 1_1 fusion-one-full fusion-column-first fusion-column-last fusion-column-no-min-height fusion-animated\" style=\"margin-top:25px;margin-bottom:25px;\" data-animationtype=\"fadeInDown\" data-animationduration=\"0.8\" data-animationoffset=\"top-into-view\"><div class=\"fusion-column-wrapper fusion-flex-column-wrapper-legacy\" style=\"background-position:left top;background-repeat:no-repeat;-webkit-background-size:cover;-moz-background-size:cover;-o-background-size:cover;background-size:cover;padding: 0px 0px 0px 0px;\"><div class=\"fusion-column-content-centered\"><div class=\"fusion-column-content\"><div class=\"fusion-text fusion-text-2\"><h3 style=\"text-align: center;\">Ch\u00e8re uti\u00adli\u00adsa\u00adtrice, cher uti\u00adli\u00adsa\u00adteur de 365FarmNet,<\/h3>\n<p style=\"text-align: center;\">nous sou\u00adhai\u00adtons vous infor\u00admer que le cal\u00adcu\u00adla\u00adteur de prix n\u2019est d\u00e9sor\u00admais plus disponible.<br>\nBien enten\u00addu, vous pou\u00advez conti\u00adnuer \u00e0 r\u00e9ser\u00adver des modules comme d\u2019habitude.<br>\nPour toute ques\u00adtion ou assis\u00adtance, votre inter\u00adlo\u00adcu\u00adteur r\u00e9gio\u00adnal se tient \u00e0 votre disposition.<\/p>\n<p style=\"text-align: center;\">Mer\u00adci de votre compr\u00e9hension&nbsp;!<br>\nL\u2019\u00e9quipe 365FarmNet<\/p>\n<\/div><\/div><\/div><div class=\"fusion-clearfix\"><\/div><\/div><\/div><\/div><\/div>\n","protected":false},"excerpt":{"rendered":"","protected":false},"author":2,"featured_media":0,"parent":0,"menu_order":0,"comment_status":"closed","ping_status":"closed","template":"100-width.php","meta":{"wp_typography_post_enhancements_disabled":false},"yoast_head":"<!-- This site is optimized with the Yoast SEO plugin v19.9 - https:\/\/yoast.com\/wordpress\/plugins\/seo\/ -->\n<title>D\u00e9couvrez votre tarif personnalis\u00e9 gr\u00e2ce au calculateur de prix 365FarmNet<\/title>\n<meta name=\"description\" content=\"B\u00e9n\u00e9ficiez des modules 365FarmNet pour vos cultures, votre \u00e9levage et la gestion de votre exploitation \u00e0 un prix juste.\" \/>\n<meta name=\"robots\" content=\"index, follow, max-snippet:-1, max-image-preview:large, max-video-preview:-1\" \/>\n<link rel=\"canonical\" href=\"https:\/\/www.365farmnet.com\/fr\/calculateur-de-prix\/\" \/>\n<meta property=\"og:locale\" content=\"fr_FR\" \/>\n<meta property=\"og:type\" content=\"article\" \/>\n<meta property=\"og:title\" content=\"D\u00e9couvrez votre tarif personnalis\u00e9 gr\u00e2ce au calculateur de prix 365FarmNet\" \/>\n<meta property=\"og:description\" content=\"B\u00e9n\u00e9ficiez des modules 365FarmNet pour vos cultures, votre \u00e9levage et la gestion de votre exploitation \u00e0 un prix juste.\" \/>\n<meta property=\"og:url\" content=\"https:\/\/www.365farmnet.com\/fr\/calculateur-de-prix\/\" \/>\n<meta property=\"og:site_name\" content=\"365FarmNet\" \/>\n<meta property=\"article:publisher\" content=\"https:\/\/www.facebook.com\/365farmnet\/\" \/>\n<meta property=\"article:modified_time\" content=\"2025-07-23T10:24:38+00:00\" \/>\n<meta property=\"og:image\" content=\"https:\/\/www.365farmnet.com\/wp-content\/uploads\/2021\/06\/02_MZ_365FN_color-1.png\" \/>\n\t<meta property=\"og:image:width\" content=\"1181\" \/>\n\t<meta property=\"og:image:height\" content=\"809\" \/>\n\t<meta property=\"og:image:type\" content=\"image\/png\" \/>\n<meta name=\"twitter:card\" content=\"summary_large_image\" \/>\n<meta name=\"twitter:site\" content=\"@365farmnet\" \/>\n<meta name=\"twitter:label1\" content=\"Dur\u00e9e de lecture estim\u00e9e\" \/>\n\t<meta name=\"twitter:data1\" content=\"13 minutes\" \/>\n<script type=\"application\/ld+json\" class=\"yoast-schema-graph\">{\"@context\":\"https:\/\/schema.org\",\"@graph\":[{\"@type\":\"WebPage\",\"@id\":\"https:\/\/www.365farmnet.com\/fr\/calculateur-de-prix\/\",\"url\":\"https:\/\/www.365farmnet.com\/fr\/calculateur-de-prix\/\",\"name\":\"D\u00e9couvrez votre tarif personnalis\u00e9 gr\u00e2ce au calculateur de prix 365FarmNet\",\"isPartOf\":{\"@id\":\"https:\/\/www.365farmnet.com\/fr\/#website\"},\"datePublished\":\"2021-02-08T12:58:52+00:00\",\"dateModified\":\"2025-07-23T10:24:38+00:00\",\"description\":\"B\u00e9n\u00e9ficiez des modules 365FarmNet pour vos cultures, votre \u00e9levage et la gestion de votre exploitation \u00e0 un prix juste.\",\"breadcrumb\":{\"@id\":\"https:\/\/www.365farmnet.com\/fr\/calculateur-de-prix\/#breadcrumb\"},\"inLanguage\":\"fr-FR\",\"potentialAction\":[{\"@type\":\"ReadAction\",\"target\":[\"https:\/\/www.365farmnet.com\/fr\/calculateur-de-prix\/\"]}]},{\"@type\":\"BreadcrumbList\",\"@id\":\"https:\/\/www.365farmnet.com\/fr\/calculateur-de-prix\/#breadcrumb\",\"itemListElement\":[{\"@type\":\"ListItem\",\"position\":1,\"name\":\"Startseite\",\"item\":\"https:\/\/www.365farmnet.com\/fr\/\"},{\"@type\":\"ListItem\",\"position\":2,\"name\":\"Calculateur de prix\"}]},{\"@type\":\"WebSite\",\"@id\":\"https:\/\/www.365farmnet.com\/fr\/#website\",\"url\":\"https:\/\/www.365farmnet.com\/fr\/\",\"name\":\"365FarmNet\",\"description\":\"Landwirtschaft \u2013 weiter denken!\",\"publisher\":{\"@id\":\"https:\/\/www.365farmnet.com\/fr\/#organization\"},\"potentialAction\":[{\"@type\":\"SearchAction\",\"target\":{\"@type\":\"EntryPoint\",\"urlTemplate\":\"https:\/\/www.365farmnet.com\/fr\/?s={search_term_string}\"},\"query-input\":\"required name=search_term_string\"}],\"inLanguage\":\"fr-FR\"},{\"@type\":\"Organization\",\"@id\":\"https:\/\/www.365farmnet.com\/fr\/#organization\",\"name\":\"365FarmNet GmbH\",\"url\":\"https:\/\/www.365farmnet.com\/fr\/\",\"logo\":{\"@type\":\"ImageObject\",\"inLanguage\":\"fr-FR\",\"@id\":\"https:\/\/www.365farmnet.com\/fr\/#\/schema\/logo\/image\/\",\"url\":\"\",\"contentUrl\":\"\",\"caption\":\"365FarmNet GmbH\"},\"image\":{\"@id\":\"https:\/\/www.365farmnet.com\/fr\/#\/schema\/logo\/image\/\"},\"sameAs\":[\"https:\/\/www.instagram.com\/365farmnet\/\",\"https:\/\/www.linkedin.com\/company\/365farmnet\/about\/\",\"https:\/\/www.youtube.com\/user\/365FarmNet\",\"https:\/\/www.facebook.com\/365farmnet\/\",\"https:\/\/twitter.com\/365farmnet\"]}]}<\/script>\n<!-- \/ Yoast SEO plugin. -->","yoast_head_json":{"title":"D\u00e9couvrez votre tarif personnalis\u00e9 gr\u00e2ce au calculateur de prix 365FarmNet","description":"B\u00e9n\u00e9ficiez des modules 365FarmNet pour vos cultures, votre \u00e9levage et la gestion de votre exploitation \u00e0 un prix juste.","robots":{"index":"index","follow":"follow","max-snippet":"max-snippet:-1","max-image-preview":"max-image-preview:large","max-video-preview":"max-video-preview:-1"},"canonical":"https:\/\/www.365farmnet.com\/fr\/calculateur-de-prix\/","og_locale":"fr_FR","og_type":"article","og_title":"D\u00e9couvrez votre tarif personnalis\u00e9 gr\u00e2ce au calculateur de prix 365FarmNet","og_description":"B\u00e9n\u00e9ficiez des modules 365FarmNet pour vos cultures, votre \u00e9levage et la gestion de votre exploitation \u00e0 un prix juste.","og_url":"https:\/\/www.365farmnet.com\/fr\/calculateur-de-prix\/","og_site_name":"365FarmNet","article_publisher":"https:\/\/www.facebook.com\/365farmnet\/","article_modified_time":"2025-07-23T10:24:38+00:00","og_image":[{"width":1181,"height":809,"url":"https:\/\/www.365farmnet.com\/wp-content\/uploads\/2021\/06\/02_MZ_365FN_color-1.png","type":"image\/png"}],"twitter_card":"summary_large_image","twitter_site":"@365farmnet","twitter_misc":{"Dur\u00e9e de lecture estim\u00e9e":"13 minutes"},"schema":{"@context":"https:\/\/schema.org","@graph":[{"@type":"WebPage","@id":"https:\/\/www.365farmnet.com\/fr\/calculateur-de-prix\/","url":"https:\/\/www.365farmnet.com\/fr\/calculateur-de-prix\/","name":"D\u00e9couvrez votre tarif personnalis\u00e9 gr\u00e2ce au calculateur de prix 365FarmNet","isPartOf":{"@id":"https:\/\/www.365farmnet.com\/fr\/#website"},"datePublished":"2021-02-08T12:58:52+00:00","dateModified":"2025-07-23T10:24:38+00:00","description":"B\u00e9n\u00e9ficiez des modules 365FarmNet pour vos cultures, votre \u00e9levage et la gestion de votre exploitation \u00e0 un prix juste.","breadcrumb":{"@id":"https:\/\/www.365farmnet.com\/fr\/calculateur-de-prix\/#breadcrumb"},"inLanguage":"fr-FR","potentialAction":[{"@type":"ReadAction","target":["https:\/\/www.365farmnet.com\/fr\/calculateur-de-prix\/"]}]},{"@type":"BreadcrumbList","@id":"https:\/\/www.365farmnet.com\/fr\/calculateur-de-prix\/#breadcrumb","itemListElement":[{"@type":"ListItem","position":1,"name":"Startseite","item":"https:\/\/www.365farmnet.com\/fr\/"},{"@type":"ListItem","position":2,"name":"Calculateur de prix"}]},{"@type":"WebSite","@id":"https:\/\/www.365farmnet.com\/fr\/#website","url":"https:\/\/www.365farmnet.com\/fr\/","name":"365FarmNet","description":"Landwirtschaft \u2013 weiter denken!","publisher":{"@id":"https:\/\/www.365farmnet.com\/fr\/#organization"},"potentialAction":[{"@type":"SearchAction","target":{"@type":"EntryPoint","urlTemplate":"https:\/\/www.365farmnet.com\/fr\/?s={search_term_string}"},"query-input":"required name=search_term_string"}],"inLanguage":"fr-FR"},{"@type":"Organization","@id":"https:\/\/www.365farmnet.com\/fr\/#organization","name":"365FarmNet GmbH","url":"https:\/\/www.365farmnet.com\/fr\/","logo":{"@type":"ImageObject","inLanguage":"fr-FR","@id":"https:\/\/www.365farmnet.com\/fr\/#\/schema\/logo\/image\/","url":"","contentUrl":"","caption":"365FarmNet GmbH"},"image":{"@id":"https:\/\/www.365farmnet.com\/fr\/#\/schema\/logo\/image\/"},"sameAs":["https:\/\/www.instagram.com\/365farmnet\/","https:\/\/www.linkedin.com\/company\/365farmnet\/about\/","https:\/\/www.youtube.com\/user\/365FarmNet","https:\/\/www.facebook.com\/365farmnet\/","https:\/\/twitter.com\/365farmnet"]}]}},"_links":{"self":[{"href":"https:\/\/www.365farmnet.com\/fr\/wp-json\/wp\/v2\/pages\/28111"}],"collection":[{"href":"https:\/\/www.365farmnet.com\/fr\/wp-json\/wp\/v2\/pages"}],"about":[{"href":"https:\/\/www.365farmnet.com\/fr\/wp-json\/wp\/v2\/types\/page"}],"author":[{"embeddable":true,"href":"https:\/\/www.365farmnet.com\/fr\/wp-json\/wp\/v2\/users\/2"}],"replies":[{"embeddable":true,"href":"https:\/\/www.365farmnet.com\/fr\/wp-json\/wp\/v2\/comments?post=28111"}],"version-history":[{"count":18,"href":"https:\/\/www.365farmnet.com\/fr\/wp-json\/wp\/v2\/pages\/28111\/revisions"}],"predecessor-version":[{"id":219065,"href":"https:\/\/www.365farmnet.com\/fr\/wp-json\/wp\/v2\/pages\/28111\/revisions\/219065"}],"wp:attachment":[{"href":"https:\/\/www.365farmnet.com\/fr\/wp-json\/wp\/v2\/media?parent=28111"}],"curies":[{"name":"wp","href":"https:\/\/api.w.org\/{rel}","templated":true}]}}