{"id":18502,"date":"2020-08-04T14:23:05","date_gmt":"2020-08-04T13:23:05","guid":{"rendered":"https:\/\/www.365farmnet.com\/mentions-legales-2\/"},"modified":"2024-05-07T18:26:36","modified_gmt":"2024-05-07T17:26:36","slug":"mentions-legales","status":"publish","type":"page","link":"https:\/\/www.365farmnet.com\/fr\/mentions-legales\/","title":{"rendered":"Men\u00adtions l\u00e9gales"},"content":{"rendered":"<p><\/p><div class=\"fusion-bg-parallax\" data-bg-align=\"right center\" data-direction=\"down\" data-mute=\"false\" data-opacity=\"100\" data-velocity=\"-0.2\" data-mobile-enabled=\"true\" data-break_parents=\"0\" data-bg-image=\"https:\/\/www.365farmnet.com\/wp-content\/uploads\/2021\/05\/floating_sheets.png\" data-bg-repeat=\"false\" data-bg-color=\"#e7ad00\"><\/div><div class=\"fusion-fullwidth fullwidth-box fusion-builder-row-1 fusion-parallax-down hundred-percent-fullwidth non-hundred-percent-height-scrolling lazyload\" style=\"background-color: #e7ad00;background-position: right center;background-repeat: no-repeat;padding-top:10vh;padding-right:12.5%;padding-bottom:10vh;padding-left:12.5%;margin-bottom: 0px;margin-top: 0px;border-width: 0px 0px 0px 0px;border-color:#d0d0d0;border-style:solid;-webkit-background-size:cover;-moz-background-size:cover;-o-background-size:cover;background-size:cover;\" data-bg=\"https:\/\/www.365farmnet.com\/wp-content\/uploads\/2021\/05\/floating_sheets.png\"><div class=\"fusion-builder-row fusion-row\"><div class=\"fusion-layout-column fusion_builder_column fusion-builder-column-0 fusion_builder_column_3_4 3_4 fusion-three-fourth fusion-column-first fusion-animated\" style=\"width:75%;width:calc(75% - ( ( 4% ) * 0.75 ) );margin-right: 4%;margin-top:25px;margin-bottom:0px;\" data-animationtype=\"fadeInLeft\" data-animationduration=\"0.8\" data-animationoffset=\"top-into-view\"><div class=\"fusion-column-wrapper fusion-flex-column-wrapper-legacy\" style=\"background-position:left top;background-repeat:no-repeat;-webkit-background-size:cover;-moz-background-size:cover;-o-background-size:cover;background-size:cover;padding: 0px 0px 0px 0px;\"><div class=\"fusion-text fusion-text-1\"><h1 style=\"color: white; font-size: 4em; line-height: 1;\"><strong>Men\u00adtions l\u00e9gales.<\/strong><\/h1>\n<\/div><div class=\"fusion-sep-clear\"><\/div><div class=\"fusion-separator fusion-full-width-sep\" style=\"margin-left: auto;margin-right: auto;margin-top:10px;margin-bottom:20px;width:100%;\"><\/div><div class=\"fusion-sep-clear\"><\/div><div class=\"fusion-clearfix\"><\/div><\/div><\/div><div class=\"fusion-layout-column fusion_builder_column fusion-builder-column-1 fusion_builder_column_1_4 1_4 fusion-one-fourth fusion-column-last fusion-no-small-visibility fusion-no-medium-visibility\" style=\"width:25%;width:calc(25% - ( ( 4% ) * 0.25 ) );margin-top:25px;margin-bottom:25px;\"><div class=\"fusion-column-wrapper fusion-flex-column-wrapper-legacy\" style=\"background-position:left top;background-repeat:no-repeat;-webkit-background-size:cover;-moz-background-size:cover;-o-background-size:cover;background-size:cover;padding: 0px 0px 0px 0px;\"><div class=\"fusion-clearfix\"><\/div><\/div><\/div><\/div><\/div><div class=\"fusion-fullwidth fullwidth-box fusion-builder-row-2 hundred-percent-fullwidth non-hundred-percent-height-scrolling\" style=\"background-color: rgba(255,255,255,0);background-position: center center;background-repeat: no-repeat;padding-top:30px;padding-right:12.5%;padding-bottom:30px;padding-left:12.5%;margin-bottom: 0px;margin-top: 0px;border-width: 0px 0px 0px 0px;border-color:#d0d0d0;border-style:solid;\"><div class=\"fusion-builder-row fusion-row\"><div class=\"fusion-layout-column fusion_builder_column fusion-builder-column-2 fusion_builder_column_1_1 1_1 fusion-one-full fusion-column-first fusion-column-last fusion-column-no-min-height fusion-animated\" style=\"margin-top:25px;margin-bottom:25px;\" data-animationtype=\"fadeInLeft\" data-animationduration=\"0.8\" data-animationoffset=\"top-into-view\"><div class=\"fusion-column-wrapper fusion-flex-column-wrapper-legacy\" style=\"background-position:left top;background-repeat:no-repeat;-webkit-background-size:cover;-moz-background-size:cover;-o-background-size:cover;background-size:cover;padding: 0px 0px 0px 0px;\"><div class=\"fusion-column-content-centered\"><div class=\"fusion-column-content\"><div class=\"fusion-text fusion-text-2\"><p><strong>365FarmNet GmbH<\/strong><br>\nHaus\u00advog\u00adtei\u00adplatz&nbsp;10<br>\n10117 Berlin<br>\nAllemagne<br>\nT\u00e9l\u00e9\u00adphone&nbsp;:&nbsp;<a href=\"tel:0426837365\">04 26 83 73&nbsp;65<\/a><br>\n<a href=\"mailto:info@365farmnet.com\" target=\"_blank\" rel=\"noopener noreferrer\">info@365farmnet.com<\/a><\/p>\n<p class=\"bodytext\"><b>Registre du commerce&nbsp;:<\/b><br>\nAmts\u00adge\u00adricht Char\u00adlot\u00adten\u00adburg HRB 192189 B<\/p>\n<p class=\"bodytext\"><b>Num\u00e9\u00adro de&nbsp;TVA&nbsp;:<\/b><br>\nDE295269761<\/p>\n<p class=\"bodytext\"><b>Direc\u00adtion&nbsp;:<\/b><br>\nDr. Nils-Hol\u00adger Schmidt<\/p>\n<p>Notre ser\u00advice clien\u00adt\u00e8le est \u00e0 votre dis\u00adpo\u00adsi\u00adtion du lun\u00addi au ven\u00addre\u00addi, de 8 h \u00e0 17 h, au num\u00e9\u00adro sui\u00advant&nbsp;:&nbsp;<a href=\"tel:0426837365\">04 26 83 73 65<\/a>&nbsp;ou par e\u2011mail \u00e0 l\u2019adresse sui\u00advante&nbsp;:&nbsp;<a href=\"mailto:support@365FarmNet.fr\" target=\"_blank\" rel=\"noopener noreferrer\">support@365FarmNet.fr<\/a>.<\/p>\n<p>Clause de non res\u00adpon\u00adsa\u00adbi\u00adli\u00adt\u00e9 Tous droits r\u00e9ser\u00adv\u00e9s. Les uti\u00adli\u00adsa\u00adteurs de ce ser\u00advice d\u2019information ne peuvent \u00eatre uti\u00adli\u00adser les logos, logo\u00adtypes ou images \u00e0 des fins per\u00adson\u00adnelles, quelle que soit leur nature, et l\u2019ensemble des logos, logo\u00adtypes et images reste enti\u00e8\u00adre\u00adment assu\u00adjet\u00adti au droit d\u2019auteur, au droit d\u2019image et au droit de marque du d\u00e9tenteur\/des sources. Marques d\u00e9po\u00ads\u00e9es&nbsp;: Les marques men\u00adtion\u00adn\u00e9es ci-des\u00adsus sont enre\u00adgis\u00adtr\u00e9es par les dif\u00adf\u00e9\u00adrents fabri\u00adcants, qui les pro\u00adt\u00e8gent en tant que telles contre l\u2019utilisation non autoris\u00e9e.<\/p>\n<p>Le t\u00e9l\u00e9\u00adchar\u00adge\u00adment de fichiers se fait aux risques de l\u2019utilisateur. Nous ne pou\u00advons \u00eatre tenus res\u00adpon\u00adsables de quelque dom\u00admage que ce soit cau\u00ads\u00e9 par le t\u00e9l\u00e9\u00adchar\u00adge\u00adment ou l\u2019utilisation de telles donn\u00e9es.<\/p>\n<p>Nos sites sont reli\u00e9s \u00e0 d\u2019autre sites Inter\u00adnet pour les\u00adquels s\u2019appliquent les dis\u00adpo\u00adsi\u00adtions sui\u00advantes&nbsp;: Nous d\u00e9cla\u00adrons expli\u00adci\u00adte\u00adment que nous n\u2019avons eu ni ne pou\u00advons avoir d\u2019influence sur la concep\u00adtion ou le conte\u00adnu des sites Web reli\u00e9s. Nous nous dis\u00adtan\u00ad\u00e7ons donc expres\u00ads\u00e9\u00adment des conte\u00adnus de l\u2019ensemble des sites reli\u00e9s qui peuvent \u00eatre visi\u00adt\u00e9s par le biais de nos pages Web, et leur conte\u00adnu qui n\u2019est pas le n\u00f4tre. Cela s\u2019applique \u00e0 tous les liens qui appa\u00adraissent sur nos pages, ain\u00adsi qu\u2019\u00e0 leur conte\u00adnu. Toute res\u00adpon\u00adsa\u00adbi\u00adli\u00adt\u00e9 limi\u00adt\u00e9e est exclue par l\u00e0&nbsp;m\u00eame.<\/p>\n<p>Le conte\u00adnu de nos sites Web a \u00e9t\u00e9 con\u00e7u avec soin. Cepen\u00addant, des erreurs peuvent sur\u00adve\u00adnir, pour les\u00adquelles nous n\u2019assumons aucune responsabilit\u00e9.<br>\nVeuillez vous infor\u00admer des cas par\u00adti\u00adcu\u00adliers. Nous vous sommes recon\u00adnais\u00adsants de bien vou\u00adloir nous tenir infor\u00adm\u00e9s de telles erreurs. En uti\u00adli\u00adsant les infor\u00adma\u00adtions pro\u00adpo\u00ads\u00e9es, vous accep\u00adtez de mani\u00e8re contrac\u00adtuelle les condi\u00adtions cit\u00e9es ci-dessus.<\/p>\n<\/div><\/div><\/div><div class=\"fusion-clearfix\"><\/div><\/div><\/div><\/div><\/div>\n","protected":false},"excerpt":{"rendered":"","protected":false},"author":8,"featured_media":0,"parent":0,"menu_order":0,"comment_status":"closed","ping_status":"closed","template":"100-width.php","meta":{"wp_typography_post_enhancements_disabled":false},"yoast_head":"<!-- This site is optimized with the Yoast SEO plugin v19.9 - https:\/\/yoast.com\/wordpress\/plugins\/seo\/ -->\n<title>Mentions l\u00e9gales - 365FarmNet<\/title>\n<meta name=\"description\" content=\"\u2713 Adaptable individuellement - \u2713 Mentions l\u00e9gales r\u00e9solu num\u00e9riquement par 365FarmNet - \u2713 Aper\u00e7u complet des co\u00fbts - \u2713 Accent sur l&#039;essentiel\" \/>\n<meta name=\"robots\" content=\"index, follow, max-snippet:-1, max-image-preview:large, max-video-preview:-1\" \/>\n<link rel=\"canonical\" href=\"https:\/\/www.365farmnet.com\/fr\/mentions-legales\/\" \/>\n<meta property=\"og:locale\" content=\"fr_FR\" \/>\n<meta property=\"og:type\" content=\"article\" \/>\n<meta property=\"og:title\" content=\"Mentions l\u00e9gales - 365FarmNet\" \/>\n<meta property=\"og:description\" content=\"\u2713 Adaptable individuellement - \u2713 Mentions l\u00e9gales r\u00e9solu num\u00e9riquement par 365FarmNet - \u2713 Aper\u00e7u complet des co\u00fbts - \u2713 Accent sur l&#039;essentiel\" \/>\n<meta property=\"og:url\" content=\"https:\/\/www.365farmnet.com\/fr\/mentions-legales\/\" \/>\n<meta property=\"og:site_name\" content=\"365FarmNet\" \/>\n<meta property=\"article:publisher\" content=\"https:\/\/www.facebook.com\/365farmnet\/\" \/>\n<meta property=\"article:modified_time\" content=\"2024-05-07T17:26:36+00:00\" \/>\n<meta property=\"og:image\" content=\"https:\/\/www.365farmnet.com\/wp-content\/uploads\/2021\/06\/02_MZ_365FN_color-1.png\" \/>\n\t<meta property=\"og:image:width\" content=\"1181\" \/>\n\t<meta property=\"og:image:height\" content=\"809\" \/>\n\t<meta property=\"og:image:type\" content=\"image\/png\" \/>\n<meta name=\"twitter:card\" content=\"summary_large_image\" \/>\n<meta name=\"twitter:site\" content=\"@365farmnet\" \/>\n<meta name=\"twitter:label1\" content=\"Dur\u00e9e de lecture estim\u00e9e\" \/>\n\t<meta name=\"twitter:data1\" content=\"5 minutes\" \/>\n<script type=\"application\/ld+json\" class=\"yoast-schema-graph\">{\"@context\":\"https:\/\/schema.org\",\"@graph\":[{\"@type\":\"WebPage\",\"@id\":\"https:\/\/www.365farmnet.com\/fr\/mentions-legales\/\",\"url\":\"https:\/\/www.365farmnet.com\/fr\/mentions-legales\/\",\"name\":\"Mentions l\u00e9gales - 365FarmNet\",\"isPartOf\":{\"@id\":\"https:\/\/www.365farmnet.com\/fr\/#website\"},\"datePublished\":\"2020-08-04T13:23:05+00:00\",\"dateModified\":\"2024-05-07T17:26:36+00:00\",\"description\":\"\u2713 Adaptable individuellement - \u2713 Mentions l\u00e9gales r\u00e9solu num\u00e9riquement par 365FarmNet - \u2713 Aper\u00e7u complet des co\u00fbts - \u2713 Accent sur l'essentiel\",\"breadcrumb\":{\"@id\":\"https:\/\/www.365farmnet.com\/fr\/mentions-legales\/#breadcrumb\"},\"inLanguage\":\"fr-FR\",\"potentialAction\":[{\"@type\":\"ReadAction\",\"target\":[\"https:\/\/www.365farmnet.com\/fr\/mentions-legales\/\"]}]},{\"@type\":\"BreadcrumbList\",\"@id\":\"https:\/\/www.365farmnet.com\/fr\/mentions-legales\/#breadcrumb\",\"itemListElement\":[{\"@type\":\"ListItem\",\"position\":1,\"name\":\"Startseite\",\"item\":\"https:\/\/www.365farmnet.com\/fr\/\"},{\"@type\":\"ListItem\",\"position\":2,\"name\":\"Men\u00adtions l\u00e9gales\"}]},{\"@type\":\"WebSite\",\"@id\":\"https:\/\/www.365farmnet.com\/fr\/#website\",\"url\":\"https:\/\/www.365farmnet.com\/fr\/\",\"name\":\"365FarmNet\",\"description\":\"Landwirtschaft \u2013 weiter denken!\",\"publisher\":{\"@id\":\"https:\/\/www.365farmnet.com\/fr\/#organization\"},\"potentialAction\":[{\"@type\":\"SearchAction\",\"target\":{\"@type\":\"EntryPoint\",\"urlTemplate\":\"https:\/\/www.365farmnet.com\/fr\/?s={search_term_string}\"},\"query-input\":\"required name=search_term_string\"}],\"inLanguage\":\"fr-FR\"},{\"@type\":\"Organization\",\"@id\":\"https:\/\/www.365farmnet.com\/fr\/#organization\",\"name\":\"365FarmNet GmbH\",\"url\":\"https:\/\/www.365farmnet.com\/fr\/\",\"logo\":{\"@type\":\"ImageObject\",\"inLanguage\":\"fr-FR\",\"@id\":\"https:\/\/www.365farmnet.com\/fr\/#\/schema\/logo\/image\/\",\"url\":\"\",\"contentUrl\":\"\",\"caption\":\"365FarmNet GmbH\"},\"image\":{\"@id\":\"https:\/\/www.365farmnet.com\/fr\/#\/schema\/logo\/image\/\"},\"sameAs\":[\"https:\/\/www.instagram.com\/365farmnet\/\",\"https:\/\/www.linkedin.com\/company\/365farmnet\/about\/\",\"https:\/\/www.youtube.com\/user\/365FarmNet\",\"https:\/\/www.facebook.com\/365farmnet\/\",\"https:\/\/twitter.com\/365farmnet\"]}]}<\/script>\n<!-- \/ Yoast SEO plugin. -->","yoast_head_json":{"title":"Mentions l\u00e9gales - 365FarmNet","description":"\u2713 Adaptable individuellement - \u2713 Mentions l\u00e9gales r\u00e9solu num\u00e9riquement par 365FarmNet - \u2713 Aper\u00e7u complet des co\u00fbts - \u2713 Accent sur l'essentiel","robots":{"index":"index","follow":"follow","max-snippet":"max-snippet:-1","max-image-preview":"max-image-preview:large","max-video-preview":"max-video-preview:-1"},"canonical":"https:\/\/www.365farmnet.com\/fr\/mentions-legales\/","og_locale":"fr_FR","og_type":"article","og_title":"Mentions l\u00e9gales - 365FarmNet","og_description":"\u2713 Adaptable individuellement - \u2713 Mentions l\u00e9gales r\u00e9solu num\u00e9riquement par 365FarmNet - \u2713 Aper\u00e7u complet des co\u00fbts - \u2713 Accent sur l'essentiel","og_url":"https:\/\/www.365farmnet.com\/fr\/mentions-legales\/","og_site_name":"365FarmNet","article_publisher":"https:\/\/www.facebook.com\/365farmnet\/","article_modified_time":"2024-05-07T17:26:36+00:00","og_image":[{"width":1181,"height":809,"url":"https:\/\/www.365farmnet.com\/wp-content\/uploads\/2021\/06\/02_MZ_365FN_color-1.png","type":"image\/png"}],"twitter_card":"summary_large_image","twitter_site":"@365farmnet","twitter_misc":{"Dur\u00e9e de lecture estim\u00e9e":"5 minutes"},"schema":{"@context":"https:\/\/schema.org","@graph":[{"@type":"WebPage","@id":"https:\/\/www.365farmnet.com\/fr\/mentions-legales\/","url":"https:\/\/www.365farmnet.com\/fr\/mentions-legales\/","name":"Mentions l\u00e9gales - 365FarmNet","isPartOf":{"@id":"https:\/\/www.365farmnet.com\/fr\/#website"},"datePublished":"2020-08-04T13:23:05+00:00","dateModified":"2024-05-07T17:26:36+00:00","description":"\u2713 Adaptable individuellement - \u2713 Mentions l\u00e9gales r\u00e9solu num\u00e9riquement par 365FarmNet - \u2713 Aper\u00e7u complet des co\u00fbts - \u2713 Accent sur l'essentiel","breadcrumb":{"@id":"https:\/\/www.365farmnet.com\/fr\/mentions-legales\/#breadcrumb"},"inLanguage":"fr-FR","potentialAction":[{"@type":"ReadAction","target":["https:\/\/www.365farmnet.com\/fr\/mentions-legales\/"]}]},{"@type":"BreadcrumbList","@id":"https:\/\/www.365farmnet.com\/fr\/mentions-legales\/#breadcrumb","itemListElement":[{"@type":"ListItem","position":1,"name":"Startseite","item":"https:\/\/www.365farmnet.com\/fr\/"},{"@type":"ListItem","position":2,"name":"Men\u00adtions l\u00e9gales"}]},{"@type":"WebSite","@id":"https:\/\/www.365farmnet.com\/fr\/#website","url":"https:\/\/www.365farmnet.com\/fr\/","name":"365FarmNet","description":"Landwirtschaft \u2013 weiter denken!","publisher":{"@id":"https:\/\/www.365farmnet.com\/fr\/#organization"},"potentialAction":[{"@type":"SearchAction","target":{"@type":"EntryPoint","urlTemplate":"https:\/\/www.365farmnet.com\/fr\/?s={search_term_string}"},"query-input":"required name=search_term_string"}],"inLanguage":"fr-FR"},{"@type":"Organization","@id":"https:\/\/www.365farmnet.com\/fr\/#organization","name":"365FarmNet GmbH","url":"https:\/\/www.365farmnet.com\/fr\/","logo":{"@type":"ImageObject","inLanguage":"fr-FR","@id":"https:\/\/www.365farmnet.com\/fr\/#\/schema\/logo\/image\/","url":"","contentUrl":"","caption":"365FarmNet GmbH"},"image":{"@id":"https:\/\/www.365farmnet.com\/fr\/#\/schema\/logo\/image\/"},"sameAs":["https:\/\/www.instagram.com\/365farmnet\/","https:\/\/www.linkedin.com\/company\/365farmnet\/about\/","https:\/\/www.youtube.com\/user\/365FarmNet","https:\/\/www.facebook.com\/365farmnet\/","https:\/\/twitter.com\/365farmnet"]}]}},"_links":{"self":[{"href":"https:\/\/www.365farmnet.com\/fr\/wp-json\/wp\/v2\/pages\/18502"}],"collection":[{"href":"https:\/\/www.365farmnet.com\/fr\/wp-json\/wp\/v2\/pages"}],"about":[{"href":"https:\/\/www.365farmnet.com\/fr\/wp-json\/wp\/v2\/types\/page"}],"author":[{"embeddable":true,"href":"https:\/\/www.365farmnet.com\/fr\/wp-json\/wp\/v2\/users\/8"}],"replies":[{"embeddable":true,"href":"https:\/\/www.365farmnet.com\/fr\/wp-json\/wp\/v2\/comments?post=18502"}],"version-history":[{"count":6,"href":"https:\/\/www.365farmnet.com\/fr\/wp-json\/wp\/v2\/pages\/18502\/revisions"}],"predecessor-version":[{"id":218764,"href":"https:\/\/www.365farmnet.com\/fr\/wp-json\/wp\/v2\/pages\/18502\/revisions\/218764"}],"wp:attachment":[{"href":"https:\/\/www.365farmnet.com\/fr\/wp-json\/wp\/v2\/media?parent=18502"}],"curies":[{"name":"wp","href":"https:\/\/api.w.org\/{rel}","templated":true}]}}