{"id":183857,"date":"2021-12-06T12:02:13","date_gmt":"2021-12-06T11:02:13","guid":{"rendered":"https:\/\/www.365farmnet.com\/?page_id=183857"},"modified":"2026-03-04T10:24:51","modified_gmt":"2026-03-04T09:24:51","slug":"contact","status":"publish","type":"page","link":"https:\/\/www.365farmnet.com\/fr\/contact\/","title":{"rendered":"Kon\u00adtakt"},"content":{"rendered":"<p><\/p><div class=\"fusion-bg-parallax\" data-bg-align=\"right center\" data-direction=\"down\" data-mute=\"false\" data-opacity=\"100\" data-velocity=\"-0.1\" data-mobile-enabled=\"false\" data-break_parents=\"0\" data-bg-image=\"https:\/\/www.365farmnet.com\/wp-content\/uploads\/2021\/04\/AdobeStock_194737638.jpeg\" data-bg-repeat=\"false\" data-bg-color=\"#494949\" data-blend-mode=\"soft-light\"><\/div><div class=\"fusion-fullwidth fullwidth-box fusion-builder-row-1 fusion-parallax-down darken-background hundred-percent-fullwidth non-hundred-percent-height-scrolling fusion-equal-height-columns lazyload\" style=\"background-color: #494949;background-position: right center;background-repeat: no-repeat;background-blend-mode: soft-light;padding-top:15vh;padding-right:12.5%;padding-bottom:10vh;padding-left:12.5%;margin-bottom: 0px;margin-top: 0px;border-width: 0px 0px 0px 0px;border-color:#d0d0d0;border-style:solid;-webkit-background-size:cover;-moz-background-size:cover;-o-background-size:cover;background-size:cover;\" data-bg=\"https:\/\/www.365farmnet.com\/wp-content\/uploads\/2021\/04\/AdobeStock_194737638.jpeg\"><div class=\"fusion-builder-row fusion-row\"><div class=\"fusion-layout-column fusion_builder_column fusion-builder-column-0 fusion_builder_column_3_4 3_4 fusion-three-fourth fusion-column-first fusion-animated\" style=\"width:75%;width:calc(75% - ( ( 4% ) * 0.75 ) );margin-right: 4%;margin-top:25px;margin-bottom:0px;\" data-animationtype=\"fadeInDown\" data-animationduration=\"0.8\" data-animationoffset=\"top-into-view\"><div class=\"fusion-column-wrapper fusion-flex-column-wrapper-legacy\" style=\"background-position:left top;background-repeat:no-repeat;-webkit-background-size:cover;-moz-background-size:cover;-o-background-size:cover;background-size:cover;padding: 0px 0px 0px 0px;\"><div class=\"fusion-text fusion-text-1\"><p class=\"font-size-mobile\" style=\"color: white; font-size: 4em; line-height: 1;\"><strong>365FarmNet \u2013 \u00e0 vos c\u00f4t\u00e9s toute l\u2019ann\u00e9e.<\/strong><\/p>\n<\/div><div class=\"fusion-sep-clear\"><\/div><div class=\"fusion-separator fusion-full-width-sep\" style=\"margin-left: auto;margin-right: auto;margin-top:10px;margin-bottom:20px;width:100%;\"><\/div><div class=\"fusion-sep-clear\"><\/div><div class=\"fusion-clearfix\"><\/div><\/div><\/div><div class=\"fusion-layout-column fusion_builder_column fusion-builder-column-1 fusion_builder_column_1_4 1_4 fusion-one-fourth fusion-column-last fusion-no-small-visibility fusion-no-medium-visibility\" style=\"width:25%;width:calc(25% - ( ( 4% ) * 0.25 ) );margin-top:25px;margin-bottom:25px;\"><div class=\"fusion-column-wrapper fusion-flex-column-wrapper-legacy\" style=\"background-position:left top;background-repeat:no-repeat;-webkit-background-size:cover;-moz-background-size:cover;-o-background-size:cover;background-size:cover;padding: 0px 0px 0px 0px;\"><div class=\"fusion-clearfix\"><\/div><\/div><\/div><\/div><\/div><div class=\"fusion-fullwidth fullwidth-box fusion-builder-row-2 hundred-percent-fullwidth non-hundred-percent-height-scrolling fusion-equal-height-columns\" style=\"background-color: #f9f9f9;background-position: center center;background-repeat: no-repeat;padding-top:20px;padding-right:10%;padding-bottom:60px;padding-left:10%;margin-bottom: 0px;margin-top: 0px;border-width: 0px 0px 0px 0px;border-color:#d0d0d0;border-style:solid;\"><div class=\"fusion-builder-row fusion-row\"><div class=\"fusion-layout-column fusion_builder_column fusion-builder-column-2 fusion_builder_column_1_6 1_6 fusion-one-sixth fusion-column-first fusion-column-no-min-height fusion-no-small-visibility fusion-animated\" style=\"width:16.666666666667%;width:calc(16.666666666667% - ( ( 4% + 4% ) * 0.16666666666667 ) );margin-right: 4%;margin-top:25px;margin-bottom:25px;\" data-animationtype=\"fadeInDown\" data-animationduration=\"0.8\" data-animationoffset=\"top-into-view\"><div class=\"fusion-column-wrapper fusion-flex-column-wrapper-legacy\" style=\"background-position:left top;background-repeat:no-repeat;-webkit-background-size:cover;-moz-background-size:cover;-o-background-size:cover;background-size:cover;padding: 0px 0px 0px 0px;\"><div class=\"fusion-clearfix\"><\/div><\/div><\/div><div class=\"fusion-layout-column fusion_builder_column fusion-builder-column-3 fusion_builder_column_2_3 2_3 fusion-two-third fusion-column-no-min-height fusion-animated\" style=\"width:66.666666666667%;width:calc(66.666666666667% - ( ( 4% + 4% ) * 0.66666666666667 ) );margin-right: 4%;margin-top:2%;margin-bottom:30px;\" data-animationtype=\"fadeInDown\" data-animationduration=\"0.8\" data-animationoffset=\"top-into-view\"><div class=\"fusion-column-wrapper fusion-flex-column-wrapper-legacy\" style=\"background-position:left top;background-repeat:no-repeat;-webkit-background-size:cover;-moz-background-size:cover;-o-background-size:cover;background-size:cover;padding: 0px 0px 0px 0px;\"><div class=\"fusion-text fusion-text-2\"><h2 style=\"text-align: center;\">Votre contact 365FarmNet de CLAAS pour la France<\/h2>\n<\/div><div class=\"imageframe-align-center\"><span class=\" fusion-imageframe imageframe-none imageframe-1 hover-type-none\" style=\"border-radius:50%;\"><img decoding=\"async\" width=\"150\" height=\"150\" title=\"claas\" src=\"https:\/\/www.365farmnet.com\/wp-content\/uploads\/2023\/11\/claas.jpg\" data-orig-src=\"https:\/\/www.365farmnet.com\/wp-content\/uploads\/2023\/11\/claas-150x150.jpg\" class=\"lazyload img-responsive wp-image-218986\" srcset=\"data:image\/svg+xml,%3Csvg%20xmlns%3D%27http%3A%2F%2Fwww.w3.org%2F2000%2Fsvg%27%20width%3D%27320%27%20height%3D%27320%27%20viewBox%3D%270%200%20320%20320%27%3E%3Crect%20width%3D%27320%27%20height%3D%27320%27%20fill-opacity%3D%220%22%2F%3E%3C%2Fsvg%3E\" data-srcset=\"https:\/\/www.365farmnet.com\/wp-content\/uploads\/2023\/11\/claas-200x200.jpg 200w, https:\/\/www.365farmnet.com\/wp-content\/uploads\/2023\/11\/claas.jpg 320w\" data-sizes=\"auto\" data-orig-sizes=\"(max-width: 1000px) 100vw, 150px\"><\/span><\/div><div class=\"fusion-sep-clear\"><\/div><div class=\"fusion-separator fusion-full-width-sep\" style=\"margin-left: auto;margin-right: auto;margin-top:15px;margin-bottom:15px;width:100%;\"><\/div><div class=\"fusion-sep-clear\"><\/div><div class=\"fusion-aligncenter\"><style type=\"text\/css\">.fusion-button.button-1 .fusion-button-text, .fusion-button.button-1 i {color:#000000;}.fusion-button.button-1 .fusion-button-icon-divider{border-color:#000000;}.fusion-button.button-1:hover .fusion-button-text, .fusion-button.button-1:hover i,.fusion-button.button-1:focus .fusion-button-text, .fusion-button.button-1:focus i,.fusion-button.button-1:active .fusion-button-text, .fusion-button.button-1:active{color:#ffffff;}.fusion-button.button-1:hover .fusion-button-icon-divider, .fusion-button.button-1:hover .fusion-button-icon-divider, .fusion-button.button-1:active .fusion-button-icon-divider{border-color:#ffffff;}.fusion-button.button-1:hover, .fusion-button.button-1:focus, .fusion-button.button-1:active{border-color:#000000;border-width:2px;}.fusion-button.button-1 {border-color:#b3c618;border-width:2px;border-radius:3px;}.fusion-button.button-1{background: #b3c618;}.fusion-button.button-1:hover,.button-1:focus,.fusion-button.button-1:active{background: #000000;}<\/style><a class=\"fusion-button button-flat button-large button-custom button-1 fusion-button-default-span fusion-button-default-type\" target=\"_blank\" rel=\"noopener noreferrer\" href=\"https:\/\/www.claas.com\/fr-fr\/a-propos-de-claas\/sites\/recherche-de-concessionnaires\"><span class=\"fusion-button-text\">Recherche de distributeurs<\/span><\/a><\/div><div class=\"fusion-clearfix\"><\/div><\/div><\/div><div class=\"fusion-layout-column fusion_builder_column fusion-builder-column-4 fusion_builder_column_1_6 1_6 fusion-one-sixth fusion-column-last fusion-column-no-min-height fusion-no-small-visibility fusion-animated\" style=\"width:16.666666666667%;width:calc(16.666666666667% - ( ( 4% + 4% ) * 0.16666666666667 ) );margin-top:25px;margin-bottom:25px;\" data-animationtype=\"fadeInDown\" data-animationduration=\"0.8\" data-animationoffset=\"top-into-view\"><div class=\"fusion-column-wrapper fusion-flex-column-wrapper-legacy\" style=\"background-position:left top;background-repeat:no-repeat;-webkit-background-size:cover;-moz-background-size:cover;-o-background-size:cover;background-size:cover;padding: 0px 0px 0px 0px;\"><div class=\"fusion-clearfix\"><\/div><\/div><\/div><\/div><\/div><div class=\"fusion-fullwidth fullwidth-box fusion-builder-row-3 hundred-percent-fullwidth non-hundred-percent-height-scrolling fusion-equal-height-columns\" style=\"background-color: #ffffff;background-position: center center;background-repeat: no-repeat;padding-top:50px;padding-right:12.5%;padding-bottom:50px;padding-left:12.5%;margin-bottom: 0px;margin-top: 0px;border-width: 0px 0px 0px 0px;border-color:#d0d0d0;border-style:solid;\"><div class=\"fusion-builder-row fusion-row\"><div class=\"fusion-layout-column fusion_builder_column fusion-builder-column-5 fusion_builder_column_1_1 1_1 fusion-one-full fusion-column-first fusion-column-last fusion-column-no-min-height fusion-animated\" style=\"margin-top:25px;margin-bottom:1px;\" data-animationtype=\"fadeInLeft\" data-animationduration=\"0.8\" data-animationoffset=\"top-into-view\"><div class=\"fusion-column-wrapper fusion-flex-column-wrapper-legacy\" style=\"background-position:left top;background-repeat:no-repeat;-webkit-background-size:cover;-moz-background-size:cover;-o-background-size:cover;background-size:cover;padding: 0px 5% 0px 5%;\"><div class=\"fusion-column-content-centered\"><div class=\"fusion-column-content\"><div class=\"fusion-text fusion-text-3 fusion-animated\" data-animationtype=\"fadeInUp\" data-animationduration=\"0.3\" data-animationoffset=\"top-into-view\"><h2 style=\"text-align: center;\">Nous sommes heu\u00adreux de vous&nbsp;aider.<\/h2>\n<h4 style=\"text-align: center;\">Vous pou\u00advez contac\u00adter notre Ser\u00advice Clients du lun\u00addi au vendredi<br>\n(8h-17h) par t\u00e9l\u00e9\u00adphone ou par&nbsp;email.<\/h4>\n<\/div><\/div><\/div><div class=\"fusion-clearfix\"><\/div><\/div><\/div><div class=\"fusion-layout-column fusion_builder_column fusion-builder-column-6 fusion_builder_column_1_1 1_1 fusion-one-full fusion-column-first fusion-column-last fusion-animated\" style=\"margin-top:0px;margin-bottom:25px;\" data-animationtype=\"fadeInUp\" data-animationduration=\"0.3\" data-animationoffset=\"top-into-view\"><div class=\"fusion-column-wrapper fusion-flex-column-wrapper-legacy\" style=\"background-position:left top;background-repeat:no-repeat;-webkit-background-size:cover;-moz-background-size:cover;-o-background-size:cover;background-size:cover;padding: 0px 0px 0px 0px;\"><div class=\"fusion-sep-clear\"><\/div><div class=\"fusion-separator fusion-full-width-sep\" style=\"margin-left: auto;margin-right: auto;margin-top:10px;width:100%;\"><\/div><div class=\"fusion-sep-clear\"><\/div><div class=\"fusion-builder-row fusion-builder-row-inner fusion-row\"><div class=\"fusion-layout-column fusion_builder_column_inner fusion-builder-nested-column-0 fusion_builder_column_inner_1_2 1_2 fusion-one-half fusion-column-first flex-space-between break-column\" style=\"width:50%;width:calc(50% - ( ( 4% ) * 0.5 ) );margin-right: 4%;margin-top:25px;margin-bottom:25px;\"><div class=\"fusion-column-wrapper fusion-flex-column-wrapper-legacy\" style=\"background-position:left top;background-repeat:no-repeat;-webkit-background-size:cover;-moz-background-size:cover;-o-background-size:cover;background-size:cover;background-color:#f9f9f9;padding: 30px 20px 20px 20px;\"><div class=\"imageframe-align-center\"><span class=\" fusion-imageframe imageframe-none imageframe-2 hover-type-none\" style=\"max-width:80px;\"><img decoding=\"async\" width=\"90\" height=\"90\" alt=\"Call\" title=\"07-icon-fon\" src=\"data:image\/svg+xml,%3Csvg%20xmlns%3D%27http%3A%2F%2Fwww.w3.org%2F2000%2Fsvg%27%20width%3D%2790%27%20height%3D%2790%27%20viewBox%3D%270%200%2090%2090%27%3E%3Crect%20width%3D%2790%27%20height%3D%2790%27%20fill-opacity%3D%220%22%2F%3E%3C%2Fsvg%3E\" data-orig-src=\"https:\/\/www.365farmnet.com\/wp-content\/uploads\/2026\/01\/07-icon-fon.svg\" class=\"lazyload img-responsive wp-image-219146\"><\/span><\/div><div class=\"fusion-text fusion-text-4 flex-grow-1\"><h3 style=\"text-align: center;\"><span style=\"color: #b3c618;\"><a style=\"color: #b3c618;\" href=\"tel:0426837365\" target=\"_blank\" rel=\"noopener\">04 26 83 73&nbsp;65<\/a><\/span><\/h3>\n<\/div><div class=\"fusion-aligncenter\"><style type=\"text\/css\">.fusion-button.button-2 .fusion-button-text, .fusion-button.button-2 i {color:#000000;}.fusion-button.button-2 .fusion-button-icon-divider{border-color:#000000;}.fusion-button.button-2:hover .fusion-button-text, .fusion-button.button-2:hover i,.fusion-button.button-2:focus .fusion-button-text, .fusion-button.button-2:focus i,.fusion-button.button-2:active .fusion-button-text, .fusion-button.button-2:active{color:#ffffff;}.fusion-button.button-2:hover .fusion-button-icon-divider, .fusion-button.button-2:hover .fusion-button-icon-divider, .fusion-button.button-2:active .fusion-button-icon-divider{border-color:#ffffff;}.fusion-button.button-2:hover, .fusion-button.button-2:focus, .fusion-button.button-2:active{border-color:#000000;border-width:2px;}.fusion-button.button-2 {border-color:#b3c618;border-width:2px;border-radius:3px;}.fusion-button.button-2{background: rgba(255,193,7,0);}.fusion-button.button-2:hover,.button-2:focus,.fusion-button.button-2:active{background: #000000;}<\/style><a class=\"fusion-button button-flat button-large button-custom button-2 fusion-button-default-span fusion-button-default-type\" target=\"_blank\" rel=\"noopener noreferrer\" href=\"tel:0426837365\"><span class=\"fusion-button-text\">Appe\u00adlez la hotline<\/span><\/a><\/div><div class=\"fusion-sep-clear\"><\/div><div class=\"fusion-separator fusion-full-width-sep\" style=\"margin-left: auto;margin-right: auto;margin-top:10px;width:100%;\"><\/div><div class=\"fusion-sep-clear\"><\/div><div class=\"fusion-clearfix\"><\/div><\/div><\/div><div class=\"fusion-layout-column fusion_builder_column_inner fusion-builder-nested-column-1 fusion_builder_column_inner_1_2 1_2 fusion-one-half fusion-column-last flex-space-between break-column\" style=\"width:50%;width:calc(50% - ( ( 4% ) * 0.5 ) );margin-top:25px;margin-bottom:25px;\"><div class=\"fusion-column-wrapper fusion-flex-column-wrapper-legacy\" style=\"background-position:left top;background-repeat:no-repeat;-webkit-background-size:cover;-moz-background-size:cover;-o-background-size:cover;background-size:cover;background-color:#f9f9f9;padding: 30px 20px 20px 20px;\"><div class=\"imageframe-align-center\"><span class=\" fusion-imageframe imageframe-none imageframe-3 hover-type-none\" style=\"max-width:80px;\"><img decoding=\"async\" width=\"90\" height=\"90\" alt=\"Support\" title=\"08-icon-contact\" src=\"data:image\/svg+xml,%3Csvg%20xmlns%3D%27http%3A%2F%2Fwww.w3.org%2F2000%2Fsvg%27%20width%3D%2790%27%20height%3D%2790%27%20viewBox%3D%270%200%2090%2090%27%3E%3Crect%20width%3D%2790%27%20height%3D%2790%27%20fill-opacity%3D%220%22%2F%3E%3C%2Fsvg%3E\" data-orig-src=\"https:\/\/www.365farmnet.com\/wp-content\/uploads\/2026\/01\/08-icon-contact.svg\" class=\"lazyload img-responsive wp-image-219150\"><\/span><\/div><div class=\"fusion-text fusion-text-5 flex-grow-1\"><h3 style=\"text-align: center;\"><span style=\"color: #b3c618;\"><a style=\"color: #b3c618;\" href=\"mailto:support@365FarmNet.fr\" target=\"_blank\" rel=\"noopener\">support@365FarmNet.fr<\/a><\/span><\/h3>\n<\/div><div class=\"fusion-text fusion-text-6 flex-grow-1\" style=\"font-size:16px;\"><p style=\"text-align: center;\">Sou\u00admet\u00adtez votre demande en ligne&nbsp;ici.<\/p>\n<\/div><div class=\"fusion-aligncenter\"><style type=\"text\/css\">.fusion-button.button-3 .fusion-button-text, .fusion-button.button-3 i {color:#000000;}.fusion-button.button-3 .fusion-button-icon-divider{border-color:#000000;}.fusion-button.button-3:hover .fusion-button-text, .fusion-button.button-3:hover i,.fusion-button.button-3:focus .fusion-button-text, .fusion-button.button-3:focus i,.fusion-button.button-3:active .fusion-button-text, .fusion-button.button-3:active{color:#ffffff;}.fusion-button.button-3:hover .fusion-button-icon-divider, .fusion-button.button-3:hover .fusion-button-icon-divider, .fusion-button.button-3:active .fusion-button-icon-divider{border-color:#ffffff;}.fusion-button.button-3:hover, .fusion-button.button-3:focus, .fusion-button.button-3:active{border-color:#000000;border-width:2px;}.fusion-button.button-3 {border-color:#b3c618;border-width:2px;border-radius:3px;}.fusion-button.button-3{background: #b3c618;}.fusion-button.button-3:hover,.button-3:focus,.fusion-button.button-3:active{background: #000000;}<\/style><a class=\"fusion-button button-flat button-large button-custom button-3 fusion-button-default-span fusion-button-default-type\" target=\"_blank\" rel=\"noopener noreferrer\" href=\"mailto:support@365FarmNet.fr\"><span class=\"fusion-button-text\">Assis\u00adtance<\/span><\/a><\/div><div class=\"fusion-sep-clear\"><\/div><div class=\"fusion-separator fusion-full-width-sep\" style=\"margin-left: auto;margin-right: auto;margin-top:10px;width:100%;\"><\/div><div class=\"fusion-sep-clear\"><\/div><div class=\"fusion-clearfix\"><\/div><\/div><\/div><\/div><div class=\"fusion-clearfix\"><\/div><\/div><\/div><\/div><\/div>\n","protected":false},"excerpt":{"rendered":"","protected":false},"author":8,"featured_media":0,"parent":0,"menu_order":0,"comment_status":"closed","ping_status":"closed","template":"100-width.php","meta":{"wp_typography_post_enhancements_disabled":false},"yoast_head":"<!-- This site is optimized with the Yoast SEO plugin v19.9 - https:\/\/yoast.com\/wordpress\/plugins\/seo\/ -->\n<title>Votre ligne directe avec 365FarmNet. Contactez-nous.<\/title>\n<meta name=\"description\" content=\"Contactez-nous \u00e0 tout moment si vous avez la moindre question sur 365FarmNet.\" \/>\n<meta name=\"robots\" content=\"index, follow, max-snippet:-1, max-image-preview:large, max-video-preview:-1\" \/>\n<link rel=\"canonical\" href=\"https:\/\/www.365farmnet.com\/fr\/contact\/\" \/>\n<meta property=\"og:locale\" content=\"fr_FR\" \/>\n<meta property=\"og:type\" content=\"article\" \/>\n<meta property=\"og:title\" content=\"Votre ligne directe avec 365FarmNet. Contactez-nous.\" \/>\n<meta property=\"og:description\" content=\"Contactez-nous \u00e0 tout moment si vous avez la moindre question sur 365FarmNet.\" \/>\n<meta property=\"og:url\" content=\"https:\/\/www.365farmnet.com\/fr\/contact\/\" \/>\n<meta property=\"og:site_name\" content=\"365FarmNet\" \/>\n<meta property=\"article:publisher\" content=\"https:\/\/www.facebook.com\/365farmnet\/\" \/>\n<meta property=\"article:modified_time\" content=\"2026-03-04T09:24:51+00:00\" \/>\n<meta property=\"og:image\" content=\"https:\/\/www.365farmnet.com\/wp-content\/uploads\/2021\/06\/02_MZ_365FN_color-1.png\" \/>\n\t<meta property=\"og:image:width\" content=\"1181\" \/>\n\t<meta property=\"og:image:height\" content=\"809\" \/>\n\t<meta property=\"og:image:type\" content=\"image\/png\" \/>\n<meta name=\"twitter:card\" content=\"summary_large_image\" \/>\n<meta name=\"twitter:site\" content=\"@365farmnet\" \/>\n<meta name=\"twitter:label1\" content=\"Dur\u00e9e de lecture estim\u00e9e\" \/>\n\t<meta name=\"twitter:data1\" content=\"5 minutes\" \/>\n<script type=\"application\/ld+json\" class=\"yoast-schema-graph\">{\"@context\":\"https:\/\/schema.org\",\"@graph\":[{\"@type\":\"WebPage\",\"@id\":\"https:\/\/www.365farmnet.com\/fr\/contact\/\",\"url\":\"https:\/\/www.365farmnet.com\/fr\/contact\/\",\"name\":\"Votre ligne directe avec 365FarmNet. Contactez-nous.\",\"isPartOf\":{\"@id\":\"https:\/\/www.365farmnet.com\/fr\/#website\"},\"datePublished\":\"2021-12-06T11:02:13+00:00\",\"dateModified\":\"2026-03-04T09:24:51+00:00\",\"description\":\"Contactez-nous \u00e0 tout moment si vous avez la moindre question sur 365FarmNet.\",\"breadcrumb\":{\"@id\":\"https:\/\/www.365farmnet.com\/fr\/contact\/#breadcrumb\"},\"inLanguage\":\"fr-FR\",\"potentialAction\":[{\"@type\":\"ReadAction\",\"target\":[\"https:\/\/www.365farmnet.com\/fr\/contact\/\"]}]},{\"@type\":\"BreadcrumbList\",\"@id\":\"https:\/\/www.365farmnet.com\/fr\/contact\/#breadcrumb\",\"itemListElement\":[{\"@type\":\"ListItem\",\"position\":1,\"name\":\"Startseite\",\"item\":\"https:\/\/www.365farmnet.com\/fr\/\"},{\"@type\":\"ListItem\",\"position\":2,\"name\":\"Kontakt\"}]},{\"@type\":\"WebSite\",\"@id\":\"https:\/\/www.365farmnet.com\/fr\/#website\",\"url\":\"https:\/\/www.365farmnet.com\/fr\/\",\"name\":\"365FarmNet\",\"description\":\"Landwirtschaft \u2013 weiter denken!\",\"publisher\":{\"@id\":\"https:\/\/www.365farmnet.com\/fr\/#organization\"},\"potentialAction\":[{\"@type\":\"SearchAction\",\"target\":{\"@type\":\"EntryPoint\",\"urlTemplate\":\"https:\/\/www.365farmnet.com\/fr\/?s={search_term_string}\"},\"query-input\":\"required name=search_term_string\"}],\"inLanguage\":\"fr-FR\"},{\"@type\":\"Organization\",\"@id\":\"https:\/\/www.365farmnet.com\/fr\/#organization\",\"name\":\"365FarmNet GmbH\",\"url\":\"https:\/\/www.365farmnet.com\/fr\/\",\"logo\":{\"@type\":\"ImageObject\",\"inLanguage\":\"fr-FR\",\"@id\":\"https:\/\/www.365farmnet.com\/fr\/#\/schema\/logo\/image\/\",\"url\":\"\",\"contentUrl\":\"\",\"caption\":\"365FarmNet GmbH\"},\"image\":{\"@id\":\"https:\/\/www.365farmnet.com\/fr\/#\/schema\/logo\/image\/\"},\"sameAs\":[\"https:\/\/www.instagram.com\/365farmnet\/\",\"https:\/\/www.linkedin.com\/company\/365farmnet\/about\/\",\"https:\/\/www.youtube.com\/user\/365FarmNet\",\"https:\/\/www.facebook.com\/365farmnet\/\",\"https:\/\/twitter.com\/365farmnet\"]}]}<\/script>\n<!-- \/ Yoast SEO plugin. -->","yoast_head_json":{"title":"Votre ligne directe avec 365FarmNet. Contactez-nous.","description":"Contactez-nous \u00e0 tout moment si vous avez la moindre question sur 365FarmNet.","robots":{"index":"index","follow":"follow","max-snippet":"max-snippet:-1","max-image-preview":"max-image-preview:large","max-video-preview":"max-video-preview:-1"},"canonical":"https:\/\/www.365farmnet.com\/fr\/contact\/","og_locale":"fr_FR","og_type":"article","og_title":"Votre ligne directe avec 365FarmNet. Contactez-nous.","og_description":"Contactez-nous \u00e0 tout moment si vous avez la moindre question sur 365FarmNet.","og_url":"https:\/\/www.365farmnet.com\/fr\/contact\/","og_site_name":"365FarmNet","article_publisher":"https:\/\/www.facebook.com\/365farmnet\/","article_modified_time":"2026-03-04T09:24:51+00:00","og_image":[{"width":1181,"height":809,"url":"https:\/\/www.365farmnet.com\/wp-content\/uploads\/2021\/06\/02_MZ_365FN_color-1.png","type":"image\/png"}],"twitter_card":"summary_large_image","twitter_site":"@365farmnet","twitter_misc":{"Dur\u00e9e de lecture estim\u00e9e":"5 minutes"},"schema":{"@context":"https:\/\/schema.org","@graph":[{"@type":"WebPage","@id":"https:\/\/www.365farmnet.com\/fr\/contact\/","url":"https:\/\/www.365farmnet.com\/fr\/contact\/","name":"Votre ligne directe avec 365FarmNet. Contactez-nous.","isPartOf":{"@id":"https:\/\/www.365farmnet.com\/fr\/#website"},"datePublished":"2021-12-06T11:02:13+00:00","dateModified":"2026-03-04T09:24:51+00:00","description":"Contactez-nous \u00e0 tout moment si vous avez la moindre question sur 365FarmNet.","breadcrumb":{"@id":"https:\/\/www.365farmnet.com\/fr\/contact\/#breadcrumb"},"inLanguage":"fr-FR","potentialAction":[{"@type":"ReadAction","target":["https:\/\/www.365farmnet.com\/fr\/contact\/"]}]},{"@type":"BreadcrumbList","@id":"https:\/\/www.365farmnet.com\/fr\/contact\/#breadcrumb","itemListElement":[{"@type":"ListItem","position":1,"name":"Startseite","item":"https:\/\/www.365farmnet.com\/fr\/"},{"@type":"ListItem","position":2,"name":"Kontakt"}]},{"@type":"WebSite","@id":"https:\/\/www.365farmnet.com\/fr\/#website","url":"https:\/\/www.365farmnet.com\/fr\/","name":"365FarmNet","description":"Landwirtschaft \u2013 weiter denken!","publisher":{"@id":"https:\/\/www.365farmnet.com\/fr\/#organization"},"potentialAction":[{"@type":"SearchAction","target":{"@type":"EntryPoint","urlTemplate":"https:\/\/www.365farmnet.com\/fr\/?s={search_term_string}"},"query-input":"required name=search_term_string"}],"inLanguage":"fr-FR"},{"@type":"Organization","@id":"https:\/\/www.365farmnet.com\/fr\/#organization","name":"365FarmNet GmbH","url":"https:\/\/www.365farmnet.com\/fr\/","logo":{"@type":"ImageObject","inLanguage":"fr-FR","@id":"https:\/\/www.365farmnet.com\/fr\/#\/schema\/logo\/image\/","url":"","contentUrl":"","caption":"365FarmNet GmbH"},"image":{"@id":"https:\/\/www.365farmnet.com\/fr\/#\/schema\/logo\/image\/"},"sameAs":["https:\/\/www.instagram.com\/365farmnet\/","https:\/\/www.linkedin.com\/company\/365farmnet\/about\/","https:\/\/www.youtube.com\/user\/365FarmNet","https:\/\/www.facebook.com\/365farmnet\/","https:\/\/twitter.com\/365farmnet"]}]}},"_links":{"self":[{"href":"https:\/\/www.365farmnet.com\/fr\/wp-json\/wp\/v2\/pages\/183857"}],"collection":[{"href":"https:\/\/www.365farmnet.com\/fr\/wp-json\/wp\/v2\/pages"}],"about":[{"href":"https:\/\/www.365farmnet.com\/fr\/wp-json\/wp\/v2\/types\/page"}],"author":[{"embeddable":true,"href":"https:\/\/www.365farmnet.com\/fr\/wp-json\/wp\/v2\/users\/8"}],"replies":[{"embeddable":true,"href":"https:\/\/www.365farmnet.com\/fr\/wp-json\/wp\/v2\/comments?post=183857"}],"version-history":[{"count":69,"href":"https:\/\/www.365farmnet.com\/fr\/wp-json\/wp\/v2\/pages\/183857\/revisions"}],"predecessor-version":[{"id":219893,"href":"https:\/\/www.365farmnet.com\/fr\/wp-json\/wp\/v2\/pages\/183857\/revisions\/219893"}],"wp:attachment":[{"href":"https:\/\/www.365farmnet.com\/fr\/wp-json\/wp\/v2\/media?parent=183857"}],"curies":[{"name":"wp","href":"https:\/\/api.w.org\/{rel}","templated":true}]}}