{"id":219848,"date":"2026-02-23T15:37:52","date_gmt":"2026-02-23T14:37:52","guid":{"rendered":"https:\/\/www.365farmnet.com\/switch-now\/"},"modified":"2026-02-26T14:47:56","modified_gmt":"2026-02-26T13:47:56","slug":"switch-now","status":"publish","type":"page","link":"https:\/\/www.365farmnet.com\/en\/switch-now\/","title":{"rendered":"Switch now"},"content":{"rendered":"<p><\/p><div class=\"fusion-bg-parallax\" data-bg-align=\"center center\" data-direction=\"down\" data-mute=\"false\" data-opacity=\"100\" data-velocity=\"-0.1\" data-mobile-enabled=\"false\" data-break_parents=\"0\" data-bg-image=\"https:\/\/www.365farmnet.com\/wp-content\/uploads\/2026\/02\/header-jetztwechseln2x-scaled.jpg\" data-bg-repeat=\"false\" data-bg-color=\"#494949\" data-blend-mode=\"soft-light\"><\/div><div class=\"fusion-fullwidth fullwidth-box fusion-builder-row-1 fusion-parallax-down hundred-percent-fullwidth non-hundred-percent-height-scrolling lazyload\" style=\"background-color: #494949;background-position: center center;background-repeat: no-repeat;background-blend-mode: soft-light;padding-top:10vh;padding-right:12.5%;padding-bottom:15vh;padding-left:12.5%;margin-bottom: 0px;margin-top: 0px;border-width: 0px 0px 0px 0px;border-color:#d0d0d0;border-style:solid;-webkit-background-size:cover;-moz-background-size:cover;-o-background-size:cover;background-size:cover;\" data-bg=\"https:\/\/www.365farmnet.com\/wp-content\/uploads\/2026\/02\/header-jetztwechseln2x-scaled.jpg\"><div class=\"fusion-builder-row fusion-row\"><div class=\"fusion-layout-column fusion_builder_column fusion-builder-column-0 fusion_builder_column_1_2 1_2 fusion-one-half fusion-column-first fusion-animated\" style=\"width:50%;width:calc(50% - ( ( 4% ) * 0.5 ) );margin-right: 4%;margin-top:25px;margin-bottom:0px;\" data-animationtype=\"fadeInDown\" data-animationduration=\"0.8\" data-animationoffset=\"top-into-view\"><div class=\"fusion-column-wrapper fusion-flex-column-wrapper-legacy\" style=\"background-position:left top;background-repeat:no-repeat;-webkit-background-size:cover;-moz-background-size:cover;-o-background-size:cover;background-size:cover;padding: 0px 0px 0px 0px;\"><div class=\"fusion-text fusion-text-1\"><h1 class=\"heading\" style=\"color: white; font-size: 4em; line-height: 1;\"><span style=\"color: #ffffff;\"><strong> The next step to CLAAS connect&nbsp;<\/strong><\/span><\/h1>\n<\/div><div class=\"fusion-sep-clear\"><\/div><div class=\"fusion-separator fusion-full-width-sep\" style=\"margin-left: auto;margin-right: auto;margin-top:10px;margin-bottom:20px;width:100%;\"><\/div><div class=\"fusion-sep-clear\"><\/div><div class=\"fusion-clearfix\"><\/div><\/div><\/div><div class=\"fusion-layout-column fusion_builder_column fusion-builder-column-1 fusion_builder_column_1_2 1_2 fusion-one-half fusion-column-last fusion-no-small-visibility fusion-no-medium-visibility\" style=\"width:50%;width:calc(50% - ( ( 4% ) * 0.5 ) );margin-top:25px;margin-bottom:25px;\"><div class=\"fusion-column-wrapper fusion-flex-column-wrapper-legacy\" style=\"background-position:left top;background-repeat:no-repeat;-webkit-background-size:cover;-moz-background-size:cover;-o-background-size:cover;background-size:cover;padding: 0px 0px 0px 0px;\"><div class=\"fusion-clearfix\"><\/div><\/div><\/div><\/div><\/div><div id=\"activebestellung\"><div class=\"fusion-fullwidth fullwidth-box fusion-builder-row-2 hundred-percent-fullwidth non-hundred-percent-height-scrolling\" style=\"background-color: #f9f9f9;background-position: center center;background-repeat: no-repeat;padding-top:30px;padding-right:12.5%;padding-bottom:60px;padding-left:12.5%;margin-bottom: 0px;margin-top: 0px;border-width: 0px 0px 0px 0px;border-color:#d0d0d0;border-style:solid;\"><div class=\"fusion-builder-row fusion-row\"><div class=\"fusion-layout-column fusion_builder_column fusion-builder-column-2 fusion_builder_column_1_1 1_1 fusion-one-full fusion-column-first fusion-column-last fusion-column-no-min-height fusion-animated\" style=\"margin-top:25px;margin-bottom:25px;\" data-animationtype=\"fadeInDown\" data-animationduration=\"0.8\" data-animationoffset=\"top-into-view\"><div class=\"fusion-column-wrapper fusion-flex-column-wrapper-legacy\" style=\"background-position:left top;background-repeat:no-repeat;-webkit-background-size:cover;-moz-background-size:cover;-o-background-size:cover;background-size:cover;padding: 0px 0px 0px 0px;\"><div class=\"fusion-column-content-centered\"><div class=\"fusion-column-content\"><div class=\"fusion-text fusion-text-2\" style=\"text-align:center;\"><h2 class=\"fusion-responsive-typography-calculated\" style=\"--fontsize: 35; line-height: 1.3; text-align: left;\" data-fontsize=\"35\" data-lineheight=\"45.5px\">Would you like to switch from 365FarmNet to CLAAS connect?<\/h2>\n<\/div><div class=\"fusion-text fusion-text-3\"><p>Send us your request \u2013 we will take care of every\u00adthing else and get back to you shortly.<\/p>\n<\/div><\/div><\/div><div class=\"fusion-clearfix\"><\/div><\/div><\/div><div class=\"fusion-layout-column fusion_builder_column fusion-builder-column-3 fusion_builder_column_1_1 1_1 fusion-one-full fusion-column-first fusion-column-last fusion-animated\" style=\"margin-top:25px;margin-bottom:25px;\" data-animationtype=\"fadeInLeft\" data-animationduration=\"0.8\" data-animationoffset=\"top-into-view\"><div class=\"fusion-column-wrapper fusion-flex-column-wrapper-legacy\" style=\"background-position:left top;background-repeat:no-repeat;-webkit-background-size:cover;-moz-background-size:cover;-o-background-size:cover;background-size:cover;padding: 0px 0px 0px 0px;\"><div class=\"fusion-column-content-centered\"><div class=\"fusion-column-content\"><!-- -->\n\n<link href=\"\/soilsamples-2026\/html\/css\/soilsamples.css\" media=\"all\" rel=\"stylesheet\" type=\"text\/css\">\n<script src=\"https:\/\/www.google.com\/recaptcha\/api.js\"><\/script>\n<script src=\"\/soilsamples-2026\/html\/js\/partners.js\" type=\"text\/javascript\"><\/script>\n\n<div class=\"soilsamples partners\" data-base=\"\/soilsamples-2026\/html\/\">\n\n    <form action=\"\/soilsamples-2026\/html\/partnersWp.php\" method=\"post\">\n\n<fieldset>\n    <div class=\"row\">\n        <div class=\"col-xs-12 col-md-6\">\n\n            <label data-translate=\"Anrede\" for=\"partner_salutation\">Anrede<\/label>\n            <select id=\"partner_salutation\" name=\"partner_salutation\" required>\n                <option data-translate=\"Herr\">Herr<\/option>\n                <option data-translate=\"Frau\">Frau<\/option>\n            <\/select>\n\n            <br>\n\n            <label data-translate=\"Vorname\" for=\"partner_firstname\">Vor\u00adname<\/label>\n            <input id=\"partner_firstname\" maxlength=\"80\" name=\"partner_firstname\" required size=\"20\" type=\"text\" value>\n\n            <br>\n\n            <label data-translate=\"Nachname\" for=\"partner_lastname\">Nach\u00adname<\/label>\n            <input id=\"partner_lastname\" maxlength=\"80\" name=\"partner_lastname\" required size=\"20\" type=\"text\" value>\n\n            <br>\n\n            <div class=\"row\">\n                <div class=\"col-xs-12 col-md-6\">\n                    <label data-translate=\"Telefon\" for=\"partner_phone\">Tele\u00adfon<\/label>\n                    <input id=\"partner_phone\" maxlength=\"80\" name=\"partner_phone\" required size=\"20\" type=\"text\" value>\n                <\/div>\n                <div class=\"col-xs-12 col-md-6\">\n                    <label data-translate=\"E-Mail\" for=\"partner_email\">E\u2011Mail<\/label>\n                    <input id=\"partner_email\" maxlength=\"80\" name=\"partner_email\" required size=\"20\" type=\"email\" value>\n                <\/div>\n            <\/div>\n\n        <\/div>\n\n        <div class=\"col-xs-12 col-md-6\">\n\n            <div class=\"row\">\n                <div class=\"col-xs-12 col-md-9\">\n                    <label data-translate=\"Stra\u00dfe\" for=\"partner_address_street\">Stra\u00dfe<\/label>\n                    <input id=\"partner_address_street\" maxlength=\"40\" name=\"partner_address_street\" required size=\"20\" type=\"text\" value>\n                <\/div>\n                <div class=\"col-xs-12 col-md-3\">\n                    <label data-translate=\"Nr\" for=\"partner_address_number\">Nr<\/label>\n                    <input id=\"partner_address_number\" maxlength=\"80\" name=\"partner_address_number\" required size=\"20\" type=\"text\" value>\n                <\/div>\n            <\/div>\n\n            <div class=\"row\">\n                <div class=\"col-xs-12 col-md-3\">\n                    <label data-translate=\"PLZ\" for=\"partner_zip\">PLZ<\/label>\n                    <input id=\"partner_zip\" maxlength=\"20\" name=\"partner_zip\" required size=\"20\" type=\"text\" value>\n                <\/div>\n                <div class=\"col-xs-12 col-md-9\">\n                    <label data-translate=\"Stadt\" for=\"partner_city\">Stadt<\/label>\n                    <input id=\"partner_city\" maxlength=\"40\" name=\"partner_city\" required size=\"20\" type=\"text\" value>\n                <\/div>\n            <\/div>\n\n            <div class=\"row\">\n                <div class=\"col-xs-12\">\n                    <label data-translate=\"Land\" for=\"partner_country\">Land<\/label>\n                    <select id=\"partner_country\" name=\"partner_country\" required>\n                        <option data-translate=\"Deutschland\" selected>Deutschland<\/option>\n                        <option data-translate=\"Frankreich\">Frankreich<\/option>\n                        <option data-translate=\"Polen\">Polen<\/option>\n                        <option data-translate=\"\u00d6sterreich\">\u00d6sterreich<\/option>\n\t\t\t\t\t\t<option data-translate=\"Sonstige\">Sonstige<\/option>\n                    <\/select>\n                    <br>\n                <\/div>\n            <\/div>\n\n        <\/div>\n    <\/div>\n<\/fieldset>\n\n\n        <hr>\n\n\n<fieldset>\n    <legend>\n        <h2 data-translate=\"H\u00e4ndler\">H\u00e4ndler<\/h2>\n    <\/legend>\n\n    <div class=\"row\">\n        <div class=\"col-xs-12\">\n            <div class=\"radio\">\n                <input checked id=\"has_dealer_1\" name=\"has_dealer\" type=\"radio\" value=\"Ja\" data-target=\"#dealer_lastname, #dealer_firstname\">\n                <label data-translate=\"Ich habe bereits einen H\u00e4ndler\" for=\"has_dealer_1\">\n                    Ich habe bere\u00adits einen H\u00e4ndler&nbsp;<\/label>\n            <\/div>\n        <\/div>\n    <\/div>\n\n    <div class=\"row\">\n        <div class=\"col-xs-12 col-md-6\">\n            <input data-translate id=\"dealer_lastname\" name=\"dealer_lastname\" type=\"text\" maxlength=\"80\" placeholder=\"Name*\" required size=\"40\">\n        <\/div>\n\n        <div class=\"col-xs-12 col-md-6\">\n            <input data-translate id=\"dealer_firstname\" name=\"dealer_firstname\" type=\"text\" maxlength=\"80\" placeholder=\"First name*\" required size=\"40\">\n        <\/div>\n    <\/div>\n\n    <div class=\"row\">\n        <div class=\"col-xs-12\">\n            <div class=\"radio\">\n                <input id=\"has_dealer_0\" name=\"has_dealer\" type=\"radio\" value=\"Nein, kein H\u00e4ndler\" data-target=\"#dealer_lastname, #dealer_firstname\">\n                <label data-translate=\"Ich habe noch keinen H\u00e4ndler\" for=\"has_dealer_0\">\n                    Ich habe noch keinen H\u00e4ndler&nbsp;<\/label>\n            <\/div>\n        <\/div>\n    <\/div><br>\n<\/fieldset>\n\n <fieldset>\n            <div>\n                <input id=\"dealer_forwarded\" name=\"dealer_forwarded\" required type=\"checkbox\" value=\"Ja\">\n                <label data-translate=\"Sofern ich keinen H\u00e4ndler angegeben habe, bin ich einverstanden, dass CLAAS meine Anfrage an den meiner Adresse am n\u00e4chsten gelegenen H\u00e4ndler weiterleitet\" for=\"dealer_forwarded\">Sofern ich keinen H\u00e4ndler angegeben habe, bin ich ein\u00adver\u00adstanden, dass CLAAS meine Anfrage an den mein\u00ader Adresse am n\u00e4ch\u00adsten gele\u00adge\u00adnen H\u00e4ndler weiterleitet.<\/label>\n                <br>\n            <\/div>\n        <\/fieldset>\n\n        <hr>\n\n\n        <fieldset>\n            <legend>\n                <h2 data-translate=\"Sonstige Bemerkungen\">Son\u00adstige Bemerkungen<\/h2>\n            <\/legend>\n\n            <div class=\"row\">\n                <div class=\"col-xs-12 \">\n\n                    <label data-translate=\"Bemerkungen\" for=\"more_comments\">Bemerkun\u00adgen<\/label>\n                    <textarea id=\"more_comments\" name=\"more_comments\"><\/textarea>\n                <\/div>\n            <\/div>\n\n        <\/fieldset>\n\n        <br>\n        <div class=\"g-recaptcha\" data-sitekey=\"6LcGi2MaAAAAANnfxDZBqEvm1CV13oyiz7LiLnl5\"><\/div>\n        <br>\n        <input type=\"hidden\" name=\"language\" value=\"de-DE\">\n        <input data-translate name=\"post\" type=\"submit\" value=\"Absenden\">\n        <br>\n        <br>\n        <div class=\"small\" data-translate=\"Pflichtfelder\">Pflicht\u00adfelder<\/div>\n\n        <br>\n        <br>\n\n\n    <\/form>\n\n    <div class=\"soilsamples-success\">\n        <h2 data-translate=\"Vielen Dank f\u00fcr die Nachricht\">Vie\u00adlen Dank f\u00fcr die Nachricht<\/h2>\n        <p data-translate=\"Die Daten wurden erfolgreich \u00fcbermittelt\">Die Dat\u00aden wur\u00adden erfol\u00adgre\u00adich \u00fcbermittelt<\/p>\n    <\/div>\n\n<\/div>\n<\/div><\/div><div class=\"fusion-clearfix\"><\/div><\/div><\/div><\/div><\/div><\/div>\n","protected":false},"excerpt":{"rendered":"","protected":false},"author":2,"featured_media":0,"parent":0,"menu_order":0,"comment_status":"closed","ping_status":"closed","template":"100-width.php","meta":{"wp_typography_post_enhancements_disabled":false},"yoast_head":"<!-- This site is optimized with the Yoast SEO plugin v19.9 - https:\/\/yoast.com\/wordpress\/plugins\/seo\/ -->\n<title>The next step to CLAAS connect |\u00a0Switch now<\/title>\n<meta name=\"description\" content=\"Would you like to switch from 365FarmNet to CLAAS connect?\u2028Send us your request \u2013 we will take care of everything else and get back to you shortly.\" \/>\n<meta name=\"robots\" content=\"noindex, nofollow\" \/>\n<meta property=\"og:locale\" content=\"en_US\" \/>\n<meta property=\"og:type\" content=\"article\" \/>\n<meta property=\"og:title\" content=\"The next step to CLAAS connect |\u00a0Switch now\" \/>\n<meta property=\"og:description\" content=\"Would you like to switch from 365FarmNet to CLAAS connect?\u2028Send us your request \u2013 we will take care of everything else and get back to you shortly.\" \/>\n<meta property=\"og:url\" content=\"https:\/\/www.365farmnet.com\/en\/switch-now\/\" \/>\n<meta property=\"og:site_name\" content=\"365FarmNet\" \/>\n<meta property=\"article:publisher\" content=\"https:\/\/www.facebook.com\/365farmnet\/\" \/>\n<meta property=\"article:modified_time\" content=\"2026-02-26T13:47:56+00:00\" \/>\n<meta property=\"og:image\" content=\"https:\/\/www.365farmnet.com\/wp-content\/uploads\/2021\/06\/02_MZ_365FN_color-1.png\" \/>\n\t<meta property=\"og:image:width\" content=\"1181\" \/>\n\t<meta property=\"og:image:height\" content=\"809\" \/>\n\t<meta property=\"og:image:type\" content=\"image\/png\" \/>\n<meta name=\"twitter:card\" content=\"summary_large_image\" \/>\n<meta name=\"twitter:site\" content=\"@365farmnet\" \/>\n<meta name=\"twitter:label1\" content=\"Est. reading time\" \/>\n\t<meta name=\"twitter:data1\" content=\"3 minutes\" \/>\n<script type=\"application\/ld+json\" class=\"yoast-schema-graph\">{\"@context\":\"https:\/\/schema.org\",\"@graph\":[{\"@type\":\"WebPage\",\"@id\":\"https:\/\/www.365farmnet.com\/en\/switch-now\/\",\"url\":\"https:\/\/www.365farmnet.com\/en\/switch-now\/\",\"name\":\"The next step to CLAAS connect |\u00a0Switch now\",\"isPartOf\":{\"@id\":\"https:\/\/www.365farmnet.com\/en\/#website\"},\"datePublished\":\"2026-02-23T14:37:52+00:00\",\"dateModified\":\"2026-02-26T13:47:56+00:00\",\"description\":\"Would you like to switch from 365FarmNet to CLAAS connect?\\u2028Send us your request \u2013 we will take care of everything else and get back to you shortly.\",\"breadcrumb\":{\"@id\":\"https:\/\/www.365farmnet.com\/en\/switch-now\/#breadcrumb\"},\"inLanguage\":\"en-US\",\"potentialAction\":[{\"@type\":\"ReadAction\",\"target\":[\"https:\/\/www.365farmnet.com\/en\/switch-now\/\"]}]},{\"@type\":\"BreadcrumbList\",\"@id\":\"https:\/\/www.365farmnet.com\/en\/switch-now\/#breadcrumb\",\"itemListElement\":[{\"@type\":\"ListItem\",\"position\":1,\"name\":\"Startseite\",\"item\":\"https:\/\/www.365farmnet.com\/en\/\"},{\"@type\":\"ListItem\",\"position\":2,\"name\":\"Switch now\"}]},{\"@type\":\"WebSite\",\"@id\":\"https:\/\/www.365farmnet.com\/en\/#website\",\"url\":\"https:\/\/www.365farmnet.com\/en\/\",\"name\":\"365FarmNet\",\"description\":\"Landwirtschaft \u2013 weiter denken!\",\"publisher\":{\"@id\":\"https:\/\/www.365farmnet.com\/en\/#organization\"},\"potentialAction\":[{\"@type\":\"SearchAction\",\"target\":{\"@type\":\"EntryPoint\",\"urlTemplate\":\"https:\/\/www.365farmnet.com\/en\/?s={search_term_string}\"},\"query-input\":\"required name=search_term_string\"}],\"inLanguage\":\"en-US\"},{\"@type\":\"Organization\",\"@id\":\"https:\/\/www.365farmnet.com\/en\/#organization\",\"name\":\"365FarmNet GmbH\",\"url\":\"https:\/\/www.365farmnet.com\/en\/\",\"logo\":{\"@type\":\"ImageObject\",\"inLanguage\":\"en-US\",\"@id\":\"https:\/\/www.365farmnet.com\/en\/#\/schema\/logo\/image\/\",\"url\":\"\",\"contentUrl\":\"\",\"caption\":\"365FarmNet GmbH\"},\"image\":{\"@id\":\"https:\/\/www.365farmnet.com\/en\/#\/schema\/logo\/image\/\"},\"sameAs\":[\"https:\/\/www.instagram.com\/365farmnet\/\",\"https:\/\/www.linkedin.com\/company\/365farmnet\/about\/\",\"https:\/\/www.youtube.com\/user\/365FarmNet\",\"https:\/\/www.facebook.com\/365farmnet\/\",\"https:\/\/twitter.com\/365farmnet\"]}]}<\/script>\n<!-- \/ Yoast SEO plugin. -->","yoast_head_json":{"title":"The next step to CLAAS connect |\u00a0Switch now","description":"Would you like to switch from 365FarmNet to CLAAS connect?\u2028Send us your request \u2013 we will take care of everything else and get back to you shortly.","robots":{"index":"noindex","follow":"nofollow"},"og_locale":"en_US","og_type":"article","og_title":"The next step to CLAAS connect |\u00a0Switch now","og_description":"Would you like to switch from 365FarmNet to CLAAS connect?\u2028Send us your request \u2013 we will take care of everything else and get back to you shortly.","og_url":"https:\/\/www.365farmnet.com\/en\/switch-now\/","og_site_name":"365FarmNet","article_publisher":"https:\/\/www.facebook.com\/365farmnet\/","article_modified_time":"2026-02-26T13:47:56+00:00","og_image":[{"width":1181,"height":809,"url":"https:\/\/www.365farmnet.com\/wp-content\/uploads\/2021\/06\/02_MZ_365FN_color-1.png","type":"image\/png"}],"twitter_card":"summary_large_image","twitter_site":"@365farmnet","twitter_misc":{"Est. reading time":"3 minutes"},"schema":{"@context":"https:\/\/schema.org","@graph":[{"@type":"WebPage","@id":"https:\/\/www.365farmnet.com\/en\/switch-now\/","url":"https:\/\/www.365farmnet.com\/en\/switch-now\/","name":"The next step to CLAAS connect |\u00a0Switch now","isPartOf":{"@id":"https:\/\/www.365farmnet.com\/en\/#website"},"datePublished":"2026-02-23T14:37:52+00:00","dateModified":"2026-02-26T13:47:56+00:00","description":"Would you like to switch from 365FarmNet to CLAAS connect?\u2028Send us your request \u2013 we will take care of everything else and get back to you shortly.","breadcrumb":{"@id":"https:\/\/www.365farmnet.com\/en\/switch-now\/#breadcrumb"},"inLanguage":"en-US","potentialAction":[{"@type":"ReadAction","target":["https:\/\/www.365farmnet.com\/en\/switch-now\/"]}]},{"@type":"BreadcrumbList","@id":"https:\/\/www.365farmnet.com\/en\/switch-now\/#breadcrumb","itemListElement":[{"@type":"ListItem","position":1,"name":"Startseite","item":"https:\/\/www.365farmnet.com\/en\/"},{"@type":"ListItem","position":2,"name":"Switch now"}]},{"@type":"WebSite","@id":"https:\/\/www.365farmnet.com\/en\/#website","url":"https:\/\/www.365farmnet.com\/en\/","name":"365FarmNet","description":"Landwirtschaft \u2013 weiter denken!","publisher":{"@id":"https:\/\/www.365farmnet.com\/en\/#organization"},"potentialAction":[{"@type":"SearchAction","target":{"@type":"EntryPoint","urlTemplate":"https:\/\/www.365farmnet.com\/en\/?s={search_term_string}"},"query-input":"required name=search_term_string"}],"inLanguage":"en-US"},{"@type":"Organization","@id":"https:\/\/www.365farmnet.com\/en\/#organization","name":"365FarmNet GmbH","url":"https:\/\/www.365farmnet.com\/en\/","logo":{"@type":"ImageObject","inLanguage":"en-US","@id":"https:\/\/www.365farmnet.com\/en\/#\/schema\/logo\/image\/","url":"","contentUrl":"","caption":"365FarmNet GmbH"},"image":{"@id":"https:\/\/www.365farmnet.com\/en\/#\/schema\/logo\/image\/"},"sameAs":["https:\/\/www.instagram.com\/365farmnet\/","https:\/\/www.linkedin.com\/company\/365farmnet\/about\/","https:\/\/www.youtube.com\/user\/365FarmNet","https:\/\/www.facebook.com\/365farmnet\/","https:\/\/twitter.com\/365farmnet"]}]}},"_links":{"self":[{"href":"https:\/\/www.365farmnet.com\/en\/wp-json\/wp\/v2\/pages\/219848"}],"collection":[{"href":"https:\/\/www.365farmnet.com\/en\/wp-json\/wp\/v2\/pages"}],"about":[{"href":"https:\/\/www.365farmnet.com\/en\/wp-json\/wp\/v2\/types\/page"}],"author":[{"embeddable":true,"href":"https:\/\/www.365farmnet.com\/en\/wp-json\/wp\/v2\/users\/2"}],"replies":[{"embeddable":true,"href":"https:\/\/www.365farmnet.com\/en\/wp-json\/wp\/v2\/comments?post=219848"}],"version-history":[{"count":8,"href":"https:\/\/www.365farmnet.com\/en\/wp-json\/wp\/v2\/pages\/219848\/revisions"}],"predecessor-version":[{"id":219997,"href":"https:\/\/www.365farmnet.com\/en\/wp-json\/wp\/v2\/pages\/219848\/revisions\/219997"}],"wp:attachment":[{"href":"https:\/\/www.365farmnet.com\/en\/wp-json\/wp\/v2\/media?parent=219848"}],"curies":[{"name":"wp","href":"https:\/\/api.w.org\/{rel}","templated":true}]}}